{"id":11228,"date":"2022-06-10T12:31:31","date_gmt":"2022-06-10T10:31:31","guid":{"rendered":"https:\/\/www.polentavalsugana.it\/politica-qualita\/"},"modified":"2023-03-29T18:35:15","modified_gmt":"2023-03-29T16:35:15","slug":"politica-de-calidad","status":"publish","type":"page","link":"https:\/\/www.polentavalsugana.it\/es\/politica-de-calidad\/","title":{"rendered":"Pol\u00edtica de calidad"},"content":{"rendered":"\n<section id=\"acf-block-642468bf96797\" class=\"spacing-block spacing-m spacing\"><\/section>\n\n\n<h1 class=\"has-text-align-center has-font-xl-font-size wp-block-heading\"><strong>POL\u00cdTICA DE CALIDAD&nbsp;<\/strong><\/h1>\n\n\n\n<section id=\"acf-block-642468bf967fb\" class=\"spacing-block spacing-m spacing\"><\/section>\n\n\n<p class=\"container-fluid has-font-xs-font-size\">BONOMELLI, consciente del contexto organizativo en el que opera y de las necesidades de las partes de inter\u00e9s, est\u00e1 firmemente comprometida en adoptar las siguientes estrategias para la producci\u00f3n de sus productos:&nbsp;<\/p>\n\n\n\n<ul class=\"container-fluid wp-block-list\">\n<li>Producci\u00f3n e innovaci\u00f3n: la eficiencia de la producci\u00f3n, el desarrollo de productos innovadores y la b\u00fasqueda de nuevos mercados son objetivos a lograr garantizando la calidad de sus propios productos y la capacidad de la organizaci\u00f3n Bonomelli para responder plenamente a las necesidades del cliente y a su satisfacci\u00f3n.<\/li>\n\n\n\n<li>Calidad y protecci\u00f3n higi\u00e9nico-sanitaria de los productos realizados: la calidad de la producci\u00f3n de BONOMELLI, objetivo principal de toda la estructura \u00abque se debe perseguir para garantizar la competitividad\u00bb, tiene como base fundamental el compromiso de cumplir los requisitos de seguridad alimentaria aplicables, incluidos los requisitos legislativos y reglamentarios, as\u00ed como los acordados con los clientes.<\/li>\n\n\n\n<li>Sostenibilidad: BONOMELLI fomenta un modelo de desarrollo sostenible a trav\u00e9s del uso de recursos que no perjudiquen las necesidades de las generaciones futuras, respetando a las personas, al medio ambiente y a la sociedad en su conjunto, as\u00ed como las disposiciones de los reglamentos y est\u00e1ndares normativos, ya sean t\u00e9cnicos, administrativos, nacionales o internacionales.<\/li>\n<\/ul>\n\n\n\n<p class=\"container-fluid has-font-xs-font-size\">Para alcanzar estos objetivos y hacer que sean transparentes para sus clientes, BONOMELLI ha establecido y aplicado, comprometi\u00e9ndose a mejorarlo en el tiempo, un Sistema de Gesti\u00f3n de la Seguridad de los Alimentos que, basado en los requisitos de las principales normas internacionales de referencia (ISO 22000, FSSC 22000), se convierta en una herramienta operativa y de referencia para todos los operadores implicados en la producci\u00f3n de los productos de la empresa. Para la realizaci\u00f3n, consolidaci\u00f3n y mejora del Sistema de Gesti\u00f3n de la Seguridad de los Alimentos, la direcci\u00f3n de la empresa se compromete a:&nbsp;<\/p>\n\n\n\n<ul class=\"container-fluid wp-block-list\">\n<li>poner a disposici\u00f3n los recursos necesarios para perseguir las estrategias y objetivos de la empresa, implementando proyectos de desarrollo continuos que permitan a la empresa ser competitiva y estar a la vanguardia en el sector en el que opera;<\/li>\n\n\n\n<li>desarrollar herramientas de gesti\u00f3n adecuadas (organizaci\u00f3n empresarial clara, planes de control, sistemas de seguridad para la calidad y la higiene de los alimentos, herramientas inform\u00e1ticas de gesti\u00f3n, personal con la experiencia y los conocimientos necesarios, hardware y software eficientes, etc.) para abordar de forma eficaz todos los problemas relacionados con la seguridad y la legalidad del producto;<\/li>\n\n\n\n<li>fomentar sistemas de comunicaci\u00f3n eficaces, tanto internos como externos, para garantizar que la informaci\u00f3n sobre temas de seguridad alimentaria (que puede proceder de todos los niveles de la cadena de producci\u00f3n de BONOMELLI) est\u00e9 disponible y sea comprendida por los responsables oportunos de la empresa;<\/li>\n\n\n\n<li>conseguir la satisfacci\u00f3n de los clientes y las partes interesadas garantizando el cumplimiento de sus requisitos, evaluando sistem\u00e1ticamente los resultados y anticipando cualquier expectativa en relaci\u00f3n con la evoluci\u00f3n de los mercados, con la innovaci\u00f3n tecnol\u00f3gica y con la sostenibilidad y el respeto por el medio ambiente;<\/li>\n\n\n\n<li>aplicar un sistema de autocontrol higi\u00e9nico-sanitario basado en el an\u00e1lisis de los peligros y el control de los puntos cr\u00edticos (aplicando el sistema HACCP &#8211; An\u00e1lisis de peligros y puntos de control cr\u00edticos), en instrucciones de trabajo que describan las buenas pr\u00e1cticas de higiene (adopci\u00f3n de programas de prerrequisitos), en controles (para garantizar la conformidad del producto a lo largo de las distintas fases del proceso de producci\u00f3n) y en un sistema de trazabilidad y de alerta temprana, capaz de prevenir y eliminar cualquier peligro higi\u00e9nico-sanitario en el producto;<\/li>\n\n\n\n<li>adoptar sistemas eficaces de actualizaci\u00f3n normativa que permitan a la empresa mantener un alto nivel de atenci\u00f3n a las disposiciones establecidas por la normativa\/legislaci\u00f3n vigente, especialmente en materia higi\u00e9nico-sanitaria, de acuerdo con las autoridades sanitarias de referencia;<\/li>\n\n\n\n<li>fomentar la implicaci\u00f3n, la motivaci\u00f3n y el crecimiento de los recursos humanos. Garantizar una implicaci\u00f3n, motivaci\u00f3n y formaci\u00f3n del personal adecuada, al objeto de garantizar su competencia continua, su formaci\u00f3n multidisciplinar y su capacidad para trabajar en equipo. Respetar los convenios colectivos de trabajo. Procurar, en las relaciones personales, conductas orientadas al respeto de la \u00e9tica, de las culturas y de las confesiones religiosas;<\/li>\n\n\n\n<li>garantizar la implicaci\u00f3n y la sensibilizaci\u00f3n de toda la cadena de producci\u00f3n relacionada con el mantenimiento y la mejora de la seguridad, la legalidad y la calidad de los productos realizados. M\u00e1s concretamente, procurar la mejora continua de la calidad de los productos y servicios adquiridos, a trav\u00e9s de una estrecha colaboraci\u00f3n con los proveedores, desarrollando en su caso asociaciones;<\/li>\n\n\n\n<li>garantizar una difusi\u00f3n cada vez mayor del enfoque del Pensamiento Basado en el Riesgo a todos los niveles e implementar una evaluaci\u00f3n y gesti\u00f3n sistem\u00e1tica del riesgo y de las oportunidades;<\/li>\n\n\n\n<li>procurar la mejora continua de las prestaciones de los procesos de la empresa respetando las normativas aplicables y las necesidades de las partes interesadas;<\/li>\n\n\n\n<li>operar de forma respetuosa y coherente con los principios de sostenibilidad y respeto por el medio ambiente previstos por la normativa vigente y\/o sugeridos por las normas internacionales, gestionando los distintos recursos de forma cuidadosa y prudente y tratando de minimizar los derroches.<\/li>\n\n\n\n<li>Todo el personal de BONOMELLI entiende y persigue los citados compromisos, siendo una garant\u00eda de salubridad del producto acabado y de la mejora continua del Sistema de Gesti\u00f3n de la empresa para la Seguridad Alimentaria.&nbsp;<\/li>\n\n\n\n<li>Como apoyo fundamental a esta estrategia industrial, la Direcci\u00f3n se compromete a divulgar esta Pol\u00edtica de Calidad a todo el personal y a los colaboradores externos, y a ponerla a disposici\u00f3n de todas las partes interesadas mediante su publicaci\u00f3n en el sitio web. El contenido de la misma se revisar\u00e1 peri\u00f3dicamente para garantizar su continua adecuaci\u00f3n a las estrategias de la empresa.&nbsp;<\/li>\n<\/ul>\n\n\n\n<p class=\"container-fluid has-font-xs-font-size\">Sobre la base de lo establecido en esta Pol\u00edtica de Calidad y con vistas a la mejora continua, la Direcci\u00f3n define cada a\u00f1o los objetivos espec\u00edficos mensurables, los cuales ser\u00e1n objeto de evaluaci\u00f3n para la revisi\u00f3n anual del Sistema de Calidad. Zola Predosa, a 25 de agosto de 2020<\/p>\n\n\n\n<p class=\"has-text-align-right container-fluid has-font-xs-font-size\">Bonomelli Srl<\/p>\n\n\n\n<p class=\"has-text-align-right container-fluid has-font-xs-font-size\">Direcci\u00f3n General &#8211; Marco Giovanni FERRARI<\/p>\n","protected":false},"excerpt":{"rendered":"<p>POL\u00cdTICA DE CALIDAD&nbsp; BONOMELLI, consciente del contexto organizativo en el que opera y de las necesidades de las partes de inter\u00e9s, est\u00e1 firmemente comprometida en adoptar las siguientes estrategias para la producci\u00f3n de sus productos:&nbsp; Para alcanzar estos objetivos y hacer que sean transparentes para sus clientes, BONOMELLI ha establecido y aplicado, comprometi\u00e9ndose a mejorarlo [&hellip;]<\/p>\n","protected":false},"author":7,"featured_media":0,"parent":0,"menu_order":0,"comment_status":"closed","ping_status":"closed","template":"","meta":{"_acf_changed":false,"footnotes":""},"class_list":["post-11228","page","type-page","status-publish","hentry"],"acf":[],"yoast_head":"<!-- This site is optimized with the Yoast SEO plugin v25.3.1 - https:\/\/yoast.com\/wordpress\/plugins\/seo\/ -->\n<title>Pol\u00edtica de calidad - Polenta Valsugana<\/title>\n<meta name=\"description\" content=\"BONOMELLI \u00e8 fondamentalmente impegnata nel perseguire le seguenti strategie nella produzione dei propri prodotti.\" \/>\n<meta name=\"robots\" content=\"index, follow, max-snippet:-1, max-image-preview:large, max-video-preview:-1\" \/>\n<link rel=\"canonical\" href=\"https:\/\/www.polentavalsugana.it\/es\/politica-de-calidad\/\" \/>\n<meta property=\"og:locale\" content=\"es_ES\" \/>\n<meta property=\"og:type\" content=\"article\" \/>\n<meta property=\"og:title\" content=\"Pol\u00edtica de calidad - Polenta Valsugana\" \/>\n<meta property=\"og:description\" content=\"BONOMELLI \u00e8 fondamentalmente impegnata nel perseguire le seguenti strategie nella produzione dei propri prodotti.\" \/>\n<meta property=\"og:url\" content=\"https:\/\/www.polentavalsugana.it\/es\/politica-de-calidad\/\" \/>\n<meta property=\"og:site_name\" content=\"Polenta Valsugana\" \/>\n<meta property=\"article:modified_time\" content=\"2023-03-29T16:35:15+00:00\" \/>\n<meta name=\"twitter:card\" content=\"summary_large_image\" \/>\n<meta name=\"twitter:label1\" content=\"Tiempo de lectura\" \/>\n\t<meta name=\"twitter:data1\" content=\"5 minutos\" \/>\n<script type=\"application\/ld+json\" class=\"yoast-schema-graph\">{\"@context\":\"https:\/\/schema.org\",\"@graph\":[{\"@type\":\"WebPage\",\"@id\":\"https:\/\/www.polentavalsugana.it\/es\/politica-de-calidad\/\",\"url\":\"https:\/\/www.polentavalsugana.it\/es\/politica-de-calidad\/\",\"name\":\"Pol\u00edtica de calidad - Polenta Valsugana\",\"isPartOf\":{\"@id\":\"https:\/\/www.polentavalsugana.it\/es\/#website\"},\"datePublished\":\"2022-06-10T10:31:31+00:00\",\"dateModified\":\"2023-03-29T16:35:15+00:00\",\"description\":\"BONOMELLI \u00e8 fondamentalmente impegnata nel perseguire le seguenti strategie nella produzione dei propri prodotti.\",\"inLanguage\":\"es\",\"potentialAction\":[{\"@type\":\"ReadAction\",\"target\":[\"https:\/\/www.polentavalsugana.it\/es\/politica-de-calidad\/\"]}]},{\"@type\":\"WebSite\",\"@id\":\"https:\/\/www.polentavalsugana.it\/es\/#website\",\"url\":\"https:\/\/www.polentavalsugana.it\/es\/\",\"name\":\"Polenta Valsugana\",\"description\":\"\",\"publisher\":{\"@id\":\"https:\/\/www.polentavalsugana.it\/es\/#organization\"},\"potentialAction\":[{\"@type\":\"SearchAction\",\"target\":{\"@type\":\"EntryPoint\",\"urlTemplate\":\"https:\/\/www.polentavalsugana.it\/es\/?s={search_term_string}\"},\"query-input\":{\"@type\":\"PropertyValueSpecification\",\"valueRequired\":true,\"valueName\":\"search_term_string\"}}],\"inLanguage\":\"es\"},{\"@type\":\"Organization\",\"@id\":\"https:\/\/www.polentavalsugana.it\/es\/#organization\",\"name\":\"Polenta Valsugana\",\"url\":\"https:\/\/www.polentavalsugana.it\/es\/\",\"logo\":{\"@type\":\"ImageObject\",\"inLanguage\":\"es\",\"@id\":\"https:\/\/www.polentavalsugana.it\/es\/#\/schema\/logo\/image\/\",\"url\":\"https:\/\/www.polentavalsugana.it\/wp-content\/uploads\/2022\/04\/Group-7.png\",\"contentUrl\":\"https:\/\/www.polentavalsugana.it\/wp-content\/uploads\/2022\/04\/Group-7.png\",\"width\":104,\"height\":56,\"caption\":\"Polenta Valsugana\"},\"image\":{\"@id\":\"https:\/\/www.polentavalsugana.it\/es\/#\/schema\/logo\/image\/\"}}]}<\/script>\n<!-- \/ Yoast SEO plugin. -->","yoast_head_json":{"title":"Pol\u00edtica de calidad - Polenta Valsugana","description":"BONOMELLI \u00e8 fondamentalmente impegnata nel perseguire le seguenti strategie nella produzione dei propri prodotti.","robots":{"index":"index","follow":"follow","max-snippet":"max-snippet:-1","max-image-preview":"max-image-preview:large","max-video-preview":"max-video-preview:-1"},"canonical":"https:\/\/www.polentavalsugana.it\/es\/politica-de-calidad\/","og_locale":"es_ES","og_type":"article","og_title":"Pol\u00edtica de calidad - Polenta Valsugana","og_description":"BONOMELLI \u00e8 fondamentalmente impegnata nel perseguire le seguenti strategie nella produzione dei propri prodotti.","og_url":"https:\/\/www.polentavalsugana.it\/es\/politica-de-calidad\/","og_site_name":"Polenta Valsugana","article_modified_time":"2023-03-29T16:35:15+00:00","twitter_card":"summary_large_image","twitter_misc":{"Tiempo de lectura":"5 minutos"},"schema":{"@context":"https:\/\/schema.org","@graph":[{"@type":"WebPage","@id":"https:\/\/www.polentavalsugana.it\/es\/politica-de-calidad\/","url":"https:\/\/www.polentavalsugana.it\/es\/politica-de-calidad\/","name":"Pol\u00edtica de calidad - Polenta Valsugana","isPartOf":{"@id":"https:\/\/www.polentavalsugana.it\/es\/#website"},"datePublished":"2022-06-10T10:31:31+00:00","dateModified":"2023-03-29T16:35:15+00:00","description":"BONOMELLI \u00e8 fondamentalmente impegnata nel perseguire le seguenti strategie nella produzione dei propri prodotti.","inLanguage":"es","potentialAction":[{"@type":"ReadAction","target":["https:\/\/www.polentavalsugana.it\/es\/politica-de-calidad\/"]}]},{"@type":"WebSite","@id":"https:\/\/www.polentavalsugana.it\/es\/#website","url":"https:\/\/www.polentavalsugana.it\/es\/","name":"Polenta Valsugana","description":"","publisher":{"@id":"https:\/\/www.polentavalsugana.it\/es\/#organization"},"potentialAction":[{"@type":"SearchAction","target":{"@type":"EntryPoint","urlTemplate":"https:\/\/www.polentavalsugana.it\/es\/?s={search_term_string}"},"query-input":{"@type":"PropertyValueSpecification","valueRequired":true,"valueName":"search_term_string"}}],"inLanguage":"es"},{"@type":"Organization","@id":"https:\/\/www.polentavalsugana.it\/es\/#organization","name":"Polenta Valsugana","url":"https:\/\/www.polentavalsugana.it\/es\/","logo":{"@type":"ImageObject","inLanguage":"es","@id":"https:\/\/www.polentavalsugana.it\/es\/#\/schema\/logo\/image\/","url":"https:\/\/www.polentavalsugana.it\/wp-content\/uploads\/2022\/04\/Group-7.png","contentUrl":"https:\/\/www.polentavalsugana.it\/wp-content\/uploads\/2022\/04\/Group-7.png","width":104,"height":56,"caption":"Polenta Valsugana"},"image":{"@id":"https:\/\/www.polentavalsugana.it\/es\/#\/schema\/logo\/image\/"}}]}},"_links":{"self":[{"href":"https:\/\/www.polentavalsugana.it\/es\/wp-json\/wp\/v2\/pages\/11228","targetHints":{"allow":["GET"]}}],"collection":[{"href":"https:\/\/www.polentavalsugana.it\/es\/wp-json\/wp\/v2\/pages"}],"about":[{"href":"https:\/\/www.polentavalsugana.it\/es\/wp-json\/wp\/v2\/types\/page"}],"author":[{"embeddable":true,"href":"https:\/\/www.polentavalsugana.it\/es\/wp-json\/wp\/v2\/users\/7"}],"replies":[{"embeddable":true,"href":"https:\/\/www.polentavalsugana.it\/es\/wp-json\/wp\/v2\/comments?post=11228"}],"version-history":[{"count":11,"href":"https:\/\/www.polentavalsugana.it\/es\/wp-json\/wp\/v2\/pages\/11228\/revisions"}],"predecessor-version":[{"id":11263,"href":"https:\/\/www.polentavalsugana.it\/es\/wp-json\/wp\/v2\/pages\/11228\/revisions\/11263"}],"wp:attachment":[{"href":"https:\/\/www.polentavalsugana.it\/es\/wp-json\/wp\/v2\/media?parent=11228"}],"curies":[{"name":"wp","href":"https:\/\/api.w.org\/{rel}","templated":true}]}}