{"id":11201,"date":"2022-05-10T14:22:30","date_gmt":"2022-05-10T12:22:30","guid":{"rendered":"https:\/\/www.polentavalsugana.it\/polenta\/domande-frequenti\/"},"modified":"2023-04-20T15:41:22","modified_gmt":"2023-04-20T13:41:22","slug":"preguntas-frecuentes","status":"publish","type":"page","link":"https:\/\/www.polentavalsugana.it\/es\/polenta\/preguntas-frecuentes\/","title":{"rendered":"Preguntas frecuentes"},"content":{"rendered":"\n\n<section id=\"acf-block-644140ff5b88a\" class=\"containeroffset-block containeroffset--wrapper container-fluid\">\n    <div class=\"row\">\n                    <div class=\"col-lg-8 offset-lg-2\">\n                \n<h1 style=\"text-transform:uppercase;\" class=\"has-text-align-center wp-block-post-title has-font-xl-font-size\">Preguntas frecuentes<\/h1>\n\n\n<section id=\"acf-block-644140ff5b8ac\" class=\"spacing-block spacing-s spacing\"><\/section>\n\n\n<figure class=\"wp-block-image size-large\"><img loading=\"lazy\" decoding=\"async\" width=\"1024\" height=\"553\" src=\"https:\/\/www.polentavalsugana.it\/wp-content\/uploads\/2022\/06\/Hero_Faq_Prova-1024x553.jpg\" alt=\"\" class=\"wp-image-888\" srcset=\"https:\/\/www.polentavalsugana.it\/wp-content\/uploads\/2022\/06\/Hero_Faq_Prova-1024x553.jpg 1024w, https:\/\/www.polentavalsugana.it\/wp-content\/uploads\/2022\/06\/Hero_Faq_Prova-300x162.jpg 300w, https:\/\/www.polentavalsugana.it\/wp-content\/uploads\/2022\/06\/Hero_Faq_Prova-768x415.jpg 768w, https:\/\/www.polentavalsugana.it\/wp-content\/uploads\/2022\/06\/Hero_Faq_Prova-1536x830.jpg 1536w, https:\/\/www.polentavalsugana.it\/wp-content\/uploads\/2022\/06\/Hero_Faq_Prova-2048x1106.jpg 2048w\" sizes=\"auto, (max-width: 1024px) 100vw, 1024px\" \/><\/figure>\n\n\n\n<section id=\"acf-block-644140ff5b8c1\" class=\"spacing-block spacing-s spacing\"><\/section>\n\n\n<h2 class=\"has-font-l-font-size wp-block-heading\">S\u00e9 que el ma\u00edz no contiene gluten, pero quisiera saber si existe riesgo de contaminaci\u00f3n accidental por gluten.<\/h2>\n\n\n\n<section id=\"acf-block-644140ff5b8d1\" class=\"spacing-block spacing-min spacing\"><\/section>\n\n\n<p class=\"has-font-s-font-size\">Todas las fases de elaboraci\u00f3n de la Polenta Valsugana tienen lugar en ambientes y l\u00edneas de producci\u00f3n dedicados exclusivamente a las harinas sin gluten de forma natural. Adem\u00e1s, para reducir el riesgo de contaminaci\u00f3n accidental, en la planta de producci\u00f3n se implementan todos los procedimientos de calidad \u00fatiles para controlar las materias primas y reducir el riesgo dentro de los l\u00edmites permitidos por la norma (gluten &lt;20 ppm).<\/p>\n\n\n\n<section id=\"acf-block-644140ff5b8df\" class=\"spacing-block spacing-m spacing\"><\/section>\n\n\n<h2 class=\"has-font-l-font-size wp-block-heading\">\u00bfLa Polenta Valsugana contiene lactosa? \u00bfO puede existir riesgo de contaminaci\u00f3n durante las fases de producci\u00f3n?<\/h2>\n\n\n\n<section id=\"acf-block-644140ff5b8ed\" class=\"spacing-block spacing-min spacing\"><\/section>\n\n\n<p class=\"has-font-s-font-size\">La Polenta Valsugana se elabora al 100 % con harina de ma\u00edz, por lo que no contiene lactosa; adem\u00e1s, no hay riesgo de contaminaci\u00f3n, ya que este al\u00e9rgeno no est\u00e1 presente en las l\u00edneas de producci\u00f3n.<\/p>\n\n\n            <\/div>\n                <\/div>\n<\/section>","protected":false},"excerpt":{"rendered":"","protected":false},"author":7,"featured_media":0,"parent":11172,"menu_order":0,"comment_status":"closed","ping_status":"closed","template":"","meta":{"_acf_changed":false,"footnotes":""},"class_list":["post-11201","page","type-page","status-publish","hentry"],"acf":[],"yoast_head":"<!-- This site is optimized with the Yoast SEO plugin v25.3.1 - https:\/\/yoast.com\/wordpress\/plugins\/seo\/ -->\n<title>Preguntas frecuentes - Polenta Valsugana<\/title>\n<meta name=\"description\" content=\"Le risposte alle domande pi\u00f9 frequenti sulla polenta: \u00e8 presente glutine? E il lattosio? Scopri tutte le informazioni.\" \/>\n<meta name=\"robots\" content=\"index, follow, max-snippet:-1, max-image-preview:large, max-video-preview:-1\" \/>\n<link rel=\"canonical\" href=\"https:\/\/www.polentavalsugana.it\/es\/polenta\/preguntas-frecuentes\/\" \/>\n<meta property=\"og:locale\" content=\"es_ES\" \/>\n<meta property=\"og:type\" content=\"article\" \/>\n<meta property=\"og:title\" content=\"Preguntas frecuentes - Polenta Valsugana\" \/>\n<meta property=\"og:description\" content=\"Le risposte alle domande pi\u00f9 frequenti sulla polenta: \u00e8 presente glutine? E il lattosio? Scopri tutte le informazioni.\" \/>\n<meta property=\"og:url\" content=\"https:\/\/www.polentavalsugana.it\/es\/polenta\/preguntas-frecuentes\/\" \/>\n<meta property=\"og:site_name\" content=\"Polenta Valsugana\" \/>\n<meta property=\"article:modified_time\" content=\"2023-04-20T13:41:22+00:00\" \/>\n<meta property=\"og:image\" content=\"https:\/\/www.polentavalsugana.it\/wp-content\/uploads\/2022\/06\/Hero_Faq_Prova-1024x553.jpg\" \/>\n<meta name=\"twitter:card\" content=\"summary_large_image\" \/>\n<meta name=\"twitter:label1\" content=\"Tiempo de lectura\" \/>\n\t<meta name=\"twitter:data1\" content=\"1 minuto\" \/>\n<script type=\"application\/ld+json\" class=\"yoast-schema-graph\">{\"@context\":\"https:\/\/schema.org\",\"@graph\":[{\"@type\":\"WebPage\",\"@id\":\"https:\/\/www.polentavalsugana.it\/es\/polenta\/preguntas-frecuentes\/\",\"url\":\"https:\/\/www.polentavalsugana.it\/es\/polenta\/preguntas-frecuentes\/\",\"name\":\"Preguntas frecuentes - Polenta Valsugana\",\"isPartOf\":{\"@id\":\"https:\/\/www.polentavalsugana.it\/es\/#website\"},\"primaryImageOfPage\":{\"@id\":\"https:\/\/www.polentavalsugana.it\/es\/polenta\/preguntas-frecuentes\/#primaryimage\"},\"image\":{\"@id\":\"https:\/\/www.polentavalsugana.it\/es\/polenta\/preguntas-frecuentes\/#primaryimage\"},\"thumbnailUrl\":\"https:\/\/www.polentavalsugana.it\/wp-content\/uploads\/2022\/06\/Hero_Faq_Prova-1024x553.jpg\",\"datePublished\":\"2022-05-10T12:22:30+00:00\",\"dateModified\":\"2023-04-20T13:41:22+00:00\",\"description\":\"Le risposte alle domande pi\u00f9 frequenti sulla polenta: \u00e8 presente glutine? E il lattosio? Scopri tutte le informazioni.\",\"breadcrumb\":{\"@id\":\"https:\/\/www.polentavalsugana.it\/es\/polenta\/preguntas-frecuentes\/#breadcrumb\"},\"inLanguage\":\"es\",\"potentialAction\":[{\"@type\":\"ReadAction\",\"target\":[\"https:\/\/www.polentavalsugana.it\/es\/polenta\/preguntas-frecuentes\/\"]}]},{\"@type\":\"ImageObject\",\"inLanguage\":\"es\",\"@id\":\"https:\/\/www.polentavalsugana.it\/es\/polenta\/preguntas-frecuentes\/#primaryimage\",\"url\":\"https:\/\/www.polentavalsugana.it\/wp-content\/uploads\/2022\/06\/Hero_Faq_Prova-1024x553.jpg\",\"contentUrl\":\"https:\/\/www.polentavalsugana.it\/wp-content\/uploads\/2022\/06\/Hero_Faq_Prova-1024x553.jpg\"},{\"@type\":\"BreadcrumbList\",\"@id\":\"https:\/\/www.polentavalsugana.it\/es\/polenta\/preguntas-frecuentes\/#breadcrumb\",\"itemListElement\":[{\"@type\":\"ListItem\",\"position\":1,\"name\":\"La polenta\",\"item\":\"https:\/\/www.polentavalsugana.it\/es\/polenta\/\"},{\"@type\":\"ListItem\",\"position\":2,\"name\":\"Preguntas frecuentes\"}]},{\"@type\":\"WebSite\",\"@id\":\"https:\/\/www.polentavalsugana.it\/es\/#website\",\"url\":\"https:\/\/www.polentavalsugana.it\/es\/\",\"name\":\"Polenta Valsugana\",\"description\":\"\",\"publisher\":{\"@id\":\"https:\/\/www.polentavalsugana.it\/es\/#organization\"},\"potentialAction\":[{\"@type\":\"SearchAction\",\"target\":{\"@type\":\"EntryPoint\",\"urlTemplate\":\"https:\/\/www.polentavalsugana.it\/es\/?s={search_term_string}\"},\"query-input\":{\"@type\":\"PropertyValueSpecification\",\"valueRequired\":true,\"valueName\":\"search_term_string\"}}],\"inLanguage\":\"es\"},{\"@type\":\"Organization\",\"@id\":\"https:\/\/www.polentavalsugana.it\/es\/#organization\",\"name\":\"Polenta Valsugana\",\"url\":\"https:\/\/www.polentavalsugana.it\/es\/\",\"logo\":{\"@type\":\"ImageObject\",\"inLanguage\":\"es\",\"@id\":\"https:\/\/www.polentavalsugana.it\/es\/#\/schema\/logo\/image\/\",\"url\":\"https:\/\/www.polentavalsugana.it\/wp-content\/uploads\/2022\/04\/Group-7.png\",\"contentUrl\":\"https:\/\/www.polentavalsugana.it\/wp-content\/uploads\/2022\/04\/Group-7.png\",\"width\":104,\"height\":56,\"caption\":\"Polenta Valsugana\"},\"image\":{\"@id\":\"https:\/\/www.polentavalsugana.it\/es\/#\/schema\/logo\/image\/\"}}]}<\/script>\n<!-- \/ Yoast SEO plugin. -->","yoast_head_json":{"title":"Preguntas frecuentes - Polenta Valsugana","description":"Le risposte alle domande pi\u00f9 frequenti sulla polenta: \u00e8 presente glutine? E il lattosio? Scopri tutte le informazioni.","robots":{"index":"index","follow":"follow","max-snippet":"max-snippet:-1","max-image-preview":"max-image-preview:large","max-video-preview":"max-video-preview:-1"},"canonical":"https:\/\/www.polentavalsugana.it\/es\/polenta\/preguntas-frecuentes\/","og_locale":"es_ES","og_type":"article","og_title":"Preguntas frecuentes - Polenta Valsugana","og_description":"Le risposte alle domande pi\u00f9 frequenti sulla polenta: \u00e8 presente glutine? E il lattosio? Scopri tutte le informazioni.","og_url":"https:\/\/www.polentavalsugana.it\/es\/polenta\/preguntas-frecuentes\/","og_site_name":"Polenta Valsugana","article_modified_time":"2023-04-20T13:41:22+00:00","og_image":[{"url":"https:\/\/www.polentavalsugana.it\/wp-content\/uploads\/2022\/06\/Hero_Faq_Prova-1024x553.jpg","type":"","width":"","height":""}],"twitter_card":"summary_large_image","twitter_misc":{"Tiempo de lectura":"1 minuto"},"schema":{"@context":"https:\/\/schema.org","@graph":[{"@type":"WebPage","@id":"https:\/\/www.polentavalsugana.it\/es\/polenta\/preguntas-frecuentes\/","url":"https:\/\/www.polentavalsugana.it\/es\/polenta\/preguntas-frecuentes\/","name":"Preguntas frecuentes - Polenta Valsugana","isPartOf":{"@id":"https:\/\/www.polentavalsugana.it\/es\/#website"},"primaryImageOfPage":{"@id":"https:\/\/www.polentavalsugana.it\/es\/polenta\/preguntas-frecuentes\/#primaryimage"},"image":{"@id":"https:\/\/www.polentavalsugana.it\/es\/polenta\/preguntas-frecuentes\/#primaryimage"},"thumbnailUrl":"https:\/\/www.polentavalsugana.it\/wp-content\/uploads\/2022\/06\/Hero_Faq_Prova-1024x553.jpg","datePublished":"2022-05-10T12:22:30+00:00","dateModified":"2023-04-20T13:41:22+00:00","description":"Le risposte alle domande pi\u00f9 frequenti sulla polenta: \u00e8 presente glutine? E il lattosio? Scopri tutte le informazioni.","breadcrumb":{"@id":"https:\/\/www.polentavalsugana.it\/es\/polenta\/preguntas-frecuentes\/#breadcrumb"},"inLanguage":"es","potentialAction":[{"@type":"ReadAction","target":["https:\/\/www.polentavalsugana.it\/es\/polenta\/preguntas-frecuentes\/"]}]},{"@type":"ImageObject","inLanguage":"es","@id":"https:\/\/www.polentavalsugana.it\/es\/polenta\/preguntas-frecuentes\/#primaryimage","url":"https:\/\/www.polentavalsugana.it\/wp-content\/uploads\/2022\/06\/Hero_Faq_Prova-1024x553.jpg","contentUrl":"https:\/\/www.polentavalsugana.it\/wp-content\/uploads\/2022\/06\/Hero_Faq_Prova-1024x553.jpg"},{"@type":"BreadcrumbList","@id":"https:\/\/www.polentavalsugana.it\/es\/polenta\/preguntas-frecuentes\/#breadcrumb","itemListElement":[{"@type":"ListItem","position":1,"name":"La polenta","item":"https:\/\/www.polentavalsugana.it\/es\/polenta\/"},{"@type":"ListItem","position":2,"name":"Preguntas frecuentes"}]},{"@type":"WebSite","@id":"https:\/\/www.polentavalsugana.it\/es\/#website","url":"https:\/\/www.polentavalsugana.it\/es\/","name":"Polenta Valsugana","description":"","publisher":{"@id":"https:\/\/www.polentavalsugana.it\/es\/#organization"},"potentialAction":[{"@type":"SearchAction","target":{"@type":"EntryPoint","urlTemplate":"https:\/\/www.polentavalsugana.it\/es\/?s={search_term_string}"},"query-input":{"@type":"PropertyValueSpecification","valueRequired":true,"valueName":"search_term_string"}}],"inLanguage":"es"},{"@type":"Organization","@id":"https:\/\/www.polentavalsugana.it\/es\/#organization","name":"Polenta Valsugana","url":"https:\/\/www.polentavalsugana.it\/es\/","logo":{"@type":"ImageObject","inLanguage":"es","@id":"https:\/\/www.polentavalsugana.it\/es\/#\/schema\/logo\/image\/","url":"https:\/\/www.polentavalsugana.it\/wp-content\/uploads\/2022\/04\/Group-7.png","contentUrl":"https:\/\/www.polentavalsugana.it\/wp-content\/uploads\/2022\/04\/Group-7.png","width":104,"height":56,"caption":"Polenta Valsugana"},"image":{"@id":"https:\/\/www.polentavalsugana.it\/es\/#\/schema\/logo\/image\/"}}]}},"_links":{"self":[{"href":"https:\/\/www.polentavalsugana.it\/es\/wp-json\/wp\/v2\/pages\/11201","targetHints":{"allow":["GET"]}}],"collection":[{"href":"https:\/\/www.polentavalsugana.it\/es\/wp-json\/wp\/v2\/pages"}],"about":[{"href":"https:\/\/www.polentavalsugana.it\/es\/wp-json\/wp\/v2\/types\/page"}],"author":[{"embeddable":true,"href":"https:\/\/www.polentavalsugana.it\/es\/wp-json\/wp\/v2\/users\/7"}],"replies":[{"embeddable":true,"href":"https:\/\/www.polentavalsugana.it\/es\/wp-json\/wp\/v2\/comments?post=11201"}],"version-history":[{"count":7,"href":"https:\/\/www.polentavalsugana.it\/es\/wp-json\/wp\/v2\/pages\/11201\/revisions"}],"predecessor-version":[{"id":11414,"href":"https:\/\/www.polentavalsugana.it\/es\/wp-json\/wp\/v2\/pages\/11201\/revisions\/11414"}],"up":[{"embeddable":true,"href":"https:\/\/www.polentavalsugana.it\/es\/wp-json\/wp\/v2\/pages\/11172"}],"wp:attachment":[{"href":"https:\/\/www.polentavalsugana.it\/es\/wp-json\/wp\/v2\/media?parent=11201"}],"curies":[{"name":"wp","href":"https:\/\/api.w.org\/{rel}","templated":true}]}}