{"id":11197,"date":"2022-05-13T18:31:56","date_gmt":"2022-05-13T16:31:56","guid":{"rendered":"https:\/\/www.polentavalsugana.it\/quienes-somos\/approccio-sostenibile\/"},"modified":"2023-04-21T18:35:50","modified_gmt":"2023-04-21T16:35:50","slug":"nuestro-enfoque-sostenible","status":"publish","type":"page","link":"https:\/\/www.polentavalsugana.it\/es\/quienes-somos\/nuestro-enfoque-sostenible\/","title":{"rendered":"Nuestro enfoque sostenibile"},"content":{"rendered":"<section id=\"acf-block-6442bb6579f77\" class=\"herostandard-block hero--standard-wrapper\" style=\"background: url(''); background-size:cover; background-position:center;\">\n    <div class=\"container-fluid\">\n        <div class=\"row\">\n            <div class=\"col-lg-10 offset-lg-1 col-xs-12\">\n                <h1 class=\"has-brown-color\">Como parte del Grupo Montenegro, compartimos los mismos valores de sostenibilidad \u00e9tica y medioambiental, trabajando para mejorar la vida de la comunidad y los procesos de toda la cadena agroalimentaria.<\/h1>\n            <\/div>\n        <\/div>\n    <\/div>\n    <p class=\"has-brown-color\">DESPLAZARSE HACIA ABAJO<\/p>\n<\/section>\n<script>\n    let hero_block_c36d74739ab22410e32138c0692dcead = document.querySelector('.herostandard-block')\n    let headerTarget = document.querySelector('header');\n    if (headerTarget.classList.contains('header--standard')) {\n        hero_block_c36d74739ab22410e32138c0692dcead.classList.add('hero--heightvariant');\n    }\n<\/script>\n\n\n<section id=\"acf-block-6442bb6579fd0\" class=\"spacing-block spacing-l spacing\"><\/section>\n\n\n\n\n<section id=\"acf-block-6442bb6579fef\" class=\"sidewithnumbers-block side-withnumbers container-fluid parallax-comp\">\n      <div class=\"side-withnubers--row\">\n        <div class=\"side-number-wrap col-12 col-md-6\">\n      <div class=\"side-number\">\n        <p class=\"typo--primary\">8<\/p>\n      <\/div>\n    <\/div>\n            <img decoding=\"async\" src=\"https:\/\/www.polentavalsugana.it\/wp-content\/uploads\/2022\/07\/Sostenibilita\u0300_1.jpg\" class=\"col-12 col-md-6\" alt=\"\" \/>\n      <\/div>\n  <div class=\"side-withnubers--copy offset-md-2 col-md-8 offset-lg-4 col-lg-5 col-12 parallax-elem\" data-speed=\"0.25\">\n    <p>Los principios que promovemos cada d\u00eda para dirigir de manera eficiente todas las fases de la producci\u00f3n, protegiendo el territorio en el que trabajamos. Nos esforzamos por proteger el suelo, preservar la biodiversidad, salvaguardar los recursos h\u00eddricos, reducir el uso de productos qu\u00edmicos, defender los cultivos a trav\u00e9s de la lucha integrada, gestionar los residuos, utilizar fuentes de energ\u00eda renovables y promover cultivos sin OMG. Con el programa de Gesti\u00f3n Integrada de Plagas (GIP), favorecemos el uso de m\u00e9todos naturales frente al uso de pesticidas qu\u00edmicos. En la planta del Grupo Montenegro trabajamos para reducir al m\u00ednimo los residuos. Gracias al correcto reciclaje de los materiales, conseguimos dar una nueva vida al 90 % de los residuos.<\/p>\n  <\/div>\n<\/section>\n\n\n\n\n<section id=\"acf-block-6442bb657a00b\" class=\"sidewithnumbers-block side-withnumbers container-fluid parallax-comp\">\n      <div class=\"side-withnubers--row side-withnubers--row-reverse\">\n        <div class=\"side-number-wrap col-12 col-md-6\">\n      <div class=\"side-number\">\n        <p class=\"typo--primary\">2012<\/p>\n      <\/div>\n    <\/div>\n            <img decoding=\"async\" src=\"https:\/\/www.polentavalsugana.it\/wp-content\/uploads\/2022\/07\/Sostenibilita\u0300_2.jpg\" class=\"col-12 col-md-6\" alt=\"\" \/>\n      <\/div>\n  <div class=\"side-withnubers--copy offset-md-2 col-md-8 offset-lg-4 col-lg-5 col-12 parallax-elem\" data-speed=\"0.25\">\n    <p>Este es el a\u00f1o en el que se elabor\u00f3 la Hoja de Ruta de la Sostenibilidad, un documento que establece los objetivos a lograr a corto, medio y largo plazo para contribuir a salvaguardar el mundo en el que vivimos. Con los paneles solares instalados en la planta del Grupo, producimos 491.169 kWh de energ\u00eda el\u00e9ctrica. Contribuimos en primera persona a reducir el CO\u2082 en la atm\u00f3sfera gracias tambi\u00e9n al uso de fuentes 100 % renovables: agua, sol, viento, biomasa y sustancias vegetales.<\/p>\n  <\/div>\n<\/section>\n\n\n\n\n<section id=\"acf-block-6442bb657a022\" class=\"sidewithnumbers-block side-withnumbers container-fluid parallax-comp\">\n      <div class=\"side-withnubers--row\">\n        <div class=\"side-number-wrap col-12 col-md-6\">\n      <div class=\"side-number\">\n        <p class=\"typo--primary\">20<\/p>\n      <\/div>\n    <\/div>\n            <img decoding=\"async\" src=\"https:\/\/www.polentavalsugana.it\/wp-content\/uploads\/2022\/07\/Sostenibilita\u0300_3.jpg\" class=\"col-12 col-md-6\" alt=\"\" \/>\n      <\/div>\n  <div class=\"side-withnubers--copy offset-md-2 col-md-8 offset-lg-4 col-lg-5 col-12 parallax-elem\" data-speed=\"0.25\">\n    <p>Las asociaciones profesionales implicadas en el programa de sostenibilidad responsable y social. Escuchando las necesidades de las partes interesadas y de los consumidores, que siempre buscan productos de alta calidad, nos esmeramos por establecer una relaci\u00f3n ventajosa y duradera con las personas de las comunidades en las que operamos y que se esfuerzan d\u00eda a d\u00eda con pasi\u00f3n y profesionalidad, aprovechando al m\u00e1ximo la contribuci\u00f3n de cada uno de ellos.<\/p>\n  <\/div>\n<\/section>\n\n\n\n\n<section id=\"acf-block-6442bb657a038\" class=\"sidewithnumbers-block side-withnumbers container-fluid parallax-comp\">\n      <div class=\"side-withnubers--row side-withnubers--row-reverse\">\n        <div class=\"side-number-wrap col-12 col-md-6\">\n      <div class=\"side-number\">\n        <p class=\"typo--primary\">2<\/p>\n      <\/div>\n    <\/div>\n            <img decoding=\"async\" src=\"https:\/\/www.polentavalsugana.it\/wp-content\/uploads\/2022\/07\/Sostenibilita\u0300_4.jpg\" class=\"col-12 col-md-6\" alt=\"\" \/>\n      <\/div>\n  <div class=\"side-withnubers--copy offset-md-2 col-md-8 offset-lg-4 col-lg-5 col-12 parallax-elem\" data-speed=\"0.25\">\n    <p>Las certificaciones internacionales obtenidas por el Grupo gracias al esfuerzo de nuestros colaboradores, que ponen a disposici\u00f3n su saber hacer para que la empresa alcance los m\u00e1s altos est\u00e1ndares de calidad. Con la norma UNI ISO 45001:2018 nos aseguramos de que nuestros empleados trabajen en entornos saludables y seguros, mientras que con la norma UNI EN ISO 14001:2015 buscamos constantemente mejorar nuestro compromiso con la naturaleza.<\/p>\n  <\/div>\n<\/section>\n\n\n<div id=\"acf-block-6442bb657a04d\" class=\"calltoaction-block container-fluid\">\n    <div class=\"row\">\n        <div class=\"col-md-auto col--cta\">\n                    <a class=\"cta cta--secondary\" href=\"https:\/\/gruppomontenegro.com\/\" target=\"_self\">\n                <div class=\"cta--text\">el Grupo Montenegro <\/div>\n            <\/a>\n                <\/div>\n        <div class=\"col-md-auto col--cta\">\n                <\/div>\n    <\/div>\n<\/div>\n\n\n<style>.calltoaction-block {position:relative; z-index:9}<\/style>\n","protected":false},"excerpt":{"rendered":"","protected":false},"author":7,"featured_media":0,"parent":11180,"menu_order":0,"comment_status":"closed","ping_status":"closed","template":"","meta":{"_acf_changed":false,"footnotes":""},"class_list":["post-11197","page","type-page","status-publish","hentry"],"acf":[],"yoast_head":"<!-- This site is optimized with the Yoast SEO plugin v25.3.1 - https:\/\/yoast.com\/wordpress\/plugins\/seo\/ -->\n<title>Nuestro enfoque sostenibile - Polenta Valsugana<\/title>\n<meta name=\"description\" content=\"Come parte del Gruppo Montenegro, condividiamo gli stessi valori di sostenibilit\u00e0 etica e ambientale, migliorando la vita della collettivit\u00e0 e i processi di tutta la filiera agroalimentare.\" \/>\n<meta name=\"robots\" content=\"index, follow, max-snippet:-1, max-image-preview:large, max-video-preview:-1\" \/>\n<link rel=\"canonical\" href=\"https:\/\/www.polentavalsugana.it\/es\/quienes-somos\/nuestro-enfoque-sostenible\/\" \/>\n<meta property=\"og:locale\" content=\"es_ES\" \/>\n<meta property=\"og:type\" content=\"article\" \/>\n<meta property=\"og:title\" content=\"Nuestro enfoque sostenibile - Polenta Valsugana\" \/>\n<meta property=\"og:description\" content=\"Come parte del Gruppo Montenegro, condividiamo gli stessi valori di sostenibilit\u00e0 etica e ambientale, migliorando la vita della collettivit\u00e0 e i processi di tutta la filiera agroalimentare.\" \/>\n<meta property=\"og:url\" content=\"https:\/\/www.polentavalsugana.it\/es\/quienes-somos\/nuestro-enfoque-sostenible\/\" \/>\n<meta property=\"og:site_name\" content=\"Polenta Valsugana\" \/>\n<meta property=\"article:modified_time\" content=\"2023-04-21T16:35:50+00:00\" \/>\n<meta name=\"twitter:card\" content=\"summary_large_image\" \/>\n<meta name=\"twitter:label1\" content=\"Tiempo de lectura\" \/>\n\t<meta name=\"twitter:data1\" content=\"1 minuto\" \/>\n<script type=\"application\/ld+json\" class=\"yoast-schema-graph\">{\"@context\":\"https:\/\/schema.org\",\"@graph\":[{\"@type\":\"WebPage\",\"@id\":\"https:\/\/www.polentavalsugana.it\/es\/quienes-somos\/nuestro-enfoque-sostenible\/\",\"url\":\"https:\/\/www.polentavalsugana.it\/es\/quienes-somos\/nuestro-enfoque-sostenible\/\",\"name\":\"Nuestro enfoque sostenibile - Polenta Valsugana\",\"isPartOf\":{\"@id\":\"https:\/\/www.polentavalsugana.it\/es\/#website\"},\"datePublished\":\"2022-05-13T16:31:56+00:00\",\"dateModified\":\"2023-04-21T16:35:50+00:00\",\"description\":\"Come parte del Gruppo Montenegro, condividiamo gli stessi valori di sostenibilit\u00e0 etica e ambientale, migliorando la vita della collettivit\u00e0 e i processi di tutta la filiera agroalimentare.\",\"breadcrumb\":{\"@id\":\"https:\/\/www.polentavalsugana.it\/es\/quienes-somos\/nuestro-enfoque-sostenible\/#breadcrumb\"},\"inLanguage\":\"es\",\"potentialAction\":[{\"@type\":\"ReadAction\",\"target\":[\"https:\/\/www.polentavalsugana.it\/es\/quienes-somos\/nuestro-enfoque-sostenible\/\"]}]},{\"@type\":\"BreadcrumbList\",\"@id\":\"https:\/\/www.polentavalsugana.it\/es\/quienes-somos\/nuestro-enfoque-sostenible\/#breadcrumb\",\"itemListElement\":[{\"@type\":\"ListItem\",\"position\":1,\"name\":\"Qui\u00e9nes somos\",\"item\":\"https:\/\/www.polentavalsugana.it\/es\/quienes-somos\/\"},{\"@type\":\"ListItem\",\"position\":2,\"name\":\"Nuestro enfoque sostenibile\"}]},{\"@type\":\"WebSite\",\"@id\":\"https:\/\/www.polentavalsugana.it\/es\/#website\",\"url\":\"https:\/\/www.polentavalsugana.it\/es\/\",\"name\":\"Polenta Valsugana\",\"description\":\"\",\"publisher\":{\"@id\":\"https:\/\/www.polentavalsugana.it\/es\/#organization\"},\"potentialAction\":[{\"@type\":\"SearchAction\",\"target\":{\"@type\":\"EntryPoint\",\"urlTemplate\":\"https:\/\/www.polentavalsugana.it\/es\/?s={search_term_string}\"},\"query-input\":{\"@type\":\"PropertyValueSpecification\",\"valueRequired\":true,\"valueName\":\"search_term_string\"}}],\"inLanguage\":\"es\"},{\"@type\":\"Organization\",\"@id\":\"https:\/\/www.polentavalsugana.it\/es\/#organization\",\"name\":\"Polenta Valsugana\",\"url\":\"https:\/\/www.polentavalsugana.it\/es\/\",\"logo\":{\"@type\":\"ImageObject\",\"inLanguage\":\"es\",\"@id\":\"https:\/\/www.polentavalsugana.it\/es\/#\/schema\/logo\/image\/\",\"url\":\"https:\/\/www.polentavalsugana.it\/wp-content\/uploads\/2022\/04\/Group-7.png\",\"contentUrl\":\"https:\/\/www.polentavalsugana.it\/wp-content\/uploads\/2022\/04\/Group-7.png\",\"width\":104,\"height\":56,\"caption\":\"Polenta Valsugana\"},\"image\":{\"@id\":\"https:\/\/www.polentavalsugana.it\/es\/#\/schema\/logo\/image\/\"}}]}<\/script>\n<!-- \/ Yoast SEO plugin. -->","yoast_head_json":{"title":"Nuestro enfoque sostenibile - Polenta Valsugana","description":"Come parte del Gruppo Montenegro, condividiamo gli stessi valori di sostenibilit\u00e0 etica e ambientale, migliorando la vita della collettivit\u00e0 e i processi di tutta la filiera agroalimentare.","robots":{"index":"index","follow":"follow","max-snippet":"max-snippet:-1","max-image-preview":"max-image-preview:large","max-video-preview":"max-video-preview:-1"},"canonical":"https:\/\/www.polentavalsugana.it\/es\/quienes-somos\/nuestro-enfoque-sostenible\/","og_locale":"es_ES","og_type":"article","og_title":"Nuestro enfoque sostenibile - Polenta Valsugana","og_description":"Come parte del Gruppo Montenegro, condividiamo gli stessi valori di sostenibilit\u00e0 etica e ambientale, migliorando la vita della collettivit\u00e0 e i processi di tutta la filiera agroalimentare.","og_url":"https:\/\/www.polentavalsugana.it\/es\/quienes-somos\/nuestro-enfoque-sostenible\/","og_site_name":"Polenta Valsugana","article_modified_time":"2023-04-21T16:35:50+00:00","twitter_card":"summary_large_image","twitter_misc":{"Tiempo de lectura":"1 minuto"},"schema":{"@context":"https:\/\/schema.org","@graph":[{"@type":"WebPage","@id":"https:\/\/www.polentavalsugana.it\/es\/quienes-somos\/nuestro-enfoque-sostenible\/","url":"https:\/\/www.polentavalsugana.it\/es\/quienes-somos\/nuestro-enfoque-sostenible\/","name":"Nuestro enfoque sostenibile - Polenta Valsugana","isPartOf":{"@id":"https:\/\/www.polentavalsugana.it\/es\/#website"},"datePublished":"2022-05-13T16:31:56+00:00","dateModified":"2023-04-21T16:35:50+00:00","description":"Come parte del Gruppo Montenegro, condividiamo gli stessi valori di sostenibilit\u00e0 etica e ambientale, migliorando la vita della collettivit\u00e0 e i processi di tutta la filiera agroalimentare.","breadcrumb":{"@id":"https:\/\/www.polentavalsugana.it\/es\/quienes-somos\/nuestro-enfoque-sostenible\/#breadcrumb"},"inLanguage":"es","potentialAction":[{"@type":"ReadAction","target":["https:\/\/www.polentavalsugana.it\/es\/quienes-somos\/nuestro-enfoque-sostenible\/"]}]},{"@type":"BreadcrumbList","@id":"https:\/\/www.polentavalsugana.it\/es\/quienes-somos\/nuestro-enfoque-sostenible\/#breadcrumb","itemListElement":[{"@type":"ListItem","position":1,"name":"Qui\u00e9nes somos","item":"https:\/\/www.polentavalsugana.it\/es\/quienes-somos\/"},{"@type":"ListItem","position":2,"name":"Nuestro enfoque sostenibile"}]},{"@type":"WebSite","@id":"https:\/\/www.polentavalsugana.it\/es\/#website","url":"https:\/\/www.polentavalsugana.it\/es\/","name":"Polenta Valsugana","description":"","publisher":{"@id":"https:\/\/www.polentavalsugana.it\/es\/#organization"},"potentialAction":[{"@type":"SearchAction","target":{"@type":"EntryPoint","urlTemplate":"https:\/\/www.polentavalsugana.it\/es\/?s={search_term_string}"},"query-input":{"@type":"PropertyValueSpecification","valueRequired":true,"valueName":"search_term_string"}}],"inLanguage":"es"},{"@type":"Organization","@id":"https:\/\/www.polentavalsugana.it\/es\/#organization","name":"Polenta Valsugana","url":"https:\/\/www.polentavalsugana.it\/es\/","logo":{"@type":"ImageObject","inLanguage":"es","@id":"https:\/\/www.polentavalsugana.it\/es\/#\/schema\/logo\/image\/","url":"https:\/\/www.polentavalsugana.it\/wp-content\/uploads\/2022\/04\/Group-7.png","contentUrl":"https:\/\/www.polentavalsugana.it\/wp-content\/uploads\/2022\/04\/Group-7.png","width":104,"height":56,"caption":"Polenta Valsugana"},"image":{"@id":"https:\/\/www.polentavalsugana.it\/es\/#\/schema\/logo\/image\/"}}]}},"_links":{"self":[{"href":"https:\/\/www.polentavalsugana.it\/es\/wp-json\/wp\/v2\/pages\/11197","targetHints":{"allow":["GET"]}}],"collection":[{"href":"https:\/\/www.polentavalsugana.it\/es\/wp-json\/wp\/v2\/pages"}],"about":[{"href":"https:\/\/www.polentavalsugana.it\/es\/wp-json\/wp\/v2\/types\/page"}],"author":[{"embeddable":true,"href":"https:\/\/www.polentavalsugana.it\/es\/wp-json\/wp\/v2\/users\/7"}],"replies":[{"embeddable":true,"href":"https:\/\/www.polentavalsugana.it\/es\/wp-json\/wp\/v2\/comments?post=11197"}],"version-history":[{"count":11,"href":"https:\/\/www.polentavalsugana.it\/es\/wp-json\/wp\/v2\/pages\/11197\/revisions"}],"predecessor-version":[{"id":11422,"href":"https:\/\/www.polentavalsugana.it\/es\/wp-json\/wp\/v2\/pages\/11197\/revisions\/11422"}],"up":[{"embeddable":true,"href":"https:\/\/www.polentavalsugana.it\/es\/wp-json\/wp\/v2\/pages\/11180"}],"wp:attachment":[{"href":"https:\/\/www.polentavalsugana.it\/es\/wp-json\/wp\/v2\/media?parent=11197"}],"curies":[{"name":"wp","href":"https:\/\/api.w.org\/{rel}","templated":true}]}}