{"id":11193,"date":"2022-05-11T16:09:35","date_gmt":"2022-05-11T14:09:35","guid":{"rendered":"https:\/\/www.polentavalsugana.it\/quienes-somos\/metodo\/"},"modified":"2023-03-29T18:35:26","modified_gmt":"2023-03-29T16:35:26","slug":"nuestro-metodo-exclusivo","status":"publish","type":"page","link":"https:\/\/www.polentavalsugana.it\/es\/quienes-somos\/nuestro-metodo-exclusivo\/","title":{"rendered":"Nuestro m\u00e9todo exclusivo"},"content":{"rendered":"<section id=\"acf-block-642468cd33368\" class=\"herostandard-block hero--standard-wrapper\" style=\"background: url(''); background-size:cover; background-position:center;\">\n    <div class=\"container-fluid\">\n        <div class=\"row\">\n            <div class=\"col-lg-10 offset-lg-1 col-xs-12\">\n                <h1 class=\"has-brown-color\">Seleccionamos cuidadosamente los mejores granos de nuestro ma\u00edz, cultivado en Italia bajo la atenta supervisi\u00f3n de rigurosos controles.<\/h1>\n            <\/div>\n        <\/div>\n    <\/div>\n    <p class=\"has-brown-color\">DESPLAZARSE HACIA ABAJO<\/p>\n<\/section>\n<script>\n    let hero_block_d086dbed4e0136fad3dec30c460d696b = document.querySelector('.herostandard-block')\n    let headerTarget = document.querySelector('header');\n    if (headerTarget.classList.contains('header--standard')) {\n        hero_block_d086dbed4e0136fad3dec30c460d696b.classList.add('hero--heightvariant');\n    }\n<\/script>\n\n\n  <section id=\"acf-block-642468cd3338f\" class=\"sidesquared-block side--squared container-fluid parallax-comp\">\n    <div class=\"row\">\n      <div class=\"col-12\">\n        <h2 class=\"offset-md-1\">DEL CAMPO<\/h2>\n                    <img decoding=\"async\" src=\"https:\/\/www.polentavalsugana.it\/wp-content\/uploads\/2022\/06\/Metodo_1.jpg\" alt=\"\" class=\"col-12 col-md-7 offset-md-4 parallax-elem\" data-speed=\"0.1\" \/>\n                <div class=\"side--squared-text col-12 col-md-7 col-lg-5 offset-md-1 parallax-elem\" data-speed=\"0.25\">\n          <p>Agr\u00f3nomos especializados, protagonistas de la primera fase de la producci\u00f3n, siguen atentamente todas las fases de crecimiento de la materia prima. Tras la siembra, la cosecha se realiza con trilladoras especiales para evitar la contaminaci\u00f3n de al\u00e9rgenos. Del desmenuzamiento de las mazorcas se obtienen los granos, los cuales se someten a un cuidadoso proceso de secado y limpieza. Al reducir la humedad de los granos, se conservan sus caracter\u00edsticas nutricionales y de sabor. Con un selector \u00f3ptico, los agr\u00f3nomos someten los granos a una prueba que solo pasan los mejores.<\/p>\n        <\/div>\n      <\/div>\n    <\/div>\n  <\/section>\n  \n\n\n  <section id=\"acf-block-642468cd333aa\" class=\"sidesquared-block side--squared container-fluid side--squared-align-right parallax-comp\">\n    <div class=\"row\">\n      <div class=\"col-12\">\n        <h2 class=\"offset-md-1\">AL MOLINO<\/h2>\n                    <img decoding=\"async\" src=\"https:\/\/www.polentavalsugana.it\/wp-content\/uploads\/2022\/06\/Metodo_2.jpg\" alt=\"\" class=\"col-12 col-md-7 offset-md-1 parallax-elem\" data-speed=\"0.1\" \/>\n                <div class=\"side--squared-text col-12 col-md-7 col-lg-5 offset-md-3 offset-lg-5 parallax-elem\" data-speed=\"0.25\">\n          <p>El ma\u00edz seleccionado, 100 % italiano, se lleva al molino, donde tiene lugar la segunda fase, la molienda de la que se obtiene la harina. Para la Polenta Valsugana Cl\u00e1sica solo se muelen las partes m\u00e1s nobles del grano, para obtener una harina con un bajo contenido en grasa y que se digiere f\u00e1cilmente.<\/p>\n        <\/div>\n      <\/div>\n    <\/div>\n  <\/section>\n  \n\n\n  <section id=\"acf-block-642468cd333c3\" class=\"sidesquared-block side--squared container-fluid parallax-comp\">\n    <div class=\"row\">\n      <div class=\"col-12\">\n        <h2 class=\"offset-md-1\">HASTA EL ESTABLECIMIENTO<\/h2>\n                    <img decoding=\"async\" src=\"https:\/\/www.polentavalsugana.it\/wp-content\/uploads\/2022\/06\/Metodo_3.jpg\" alt=\"\" class=\"col-12 col-md-7 offset-md-4 parallax-elem\" data-speed=\"0.1\" \/>\n                <div class=\"side--squared-text col-12 col-md-7 col-lg-5 offset-md-1 parallax-elem\" data-speed=\"0.25\">\n          <p>En la \u00faltima final, la polenta empieza a cobrar vida. La harina, ya parcialmente limpia en el molino, se somete a otros an\u00e1lisis prestando atenci\u00f3n a dos aspectos fundamentales: la granulometr\u00eda, que es esencial para garantizar que no se formen grumos durante la cocci\u00f3n, y la pureza, es decir, la ausencia de cualquier germen que pudiera estar presente durante la molienda. Este es el momento en el que aplicamos nuestro m\u00e9todo: la exclusiva doble cocci\u00f3n al vapor, gracias a la cual se obtiene una doble ventaja: la rapidez de cocci\u00f3n y ese irresistible sabor.<\/p>\n        <\/div>\n      <\/div>\n    <\/div>\n  <\/section>\n  ","protected":false},"excerpt":{"rendered":"","protected":false},"author":7,"featured_media":0,"parent":11180,"menu_order":0,"comment_status":"closed","ping_status":"closed","template":"","meta":{"_acf_changed":false,"footnotes":""},"class_list":["post-11193","page","type-page","status-publish","hentry"],"acf":[],"yoast_head":"<!-- This site is optimized with the Yoast SEO plugin v25.3.1 - https:\/\/yoast.com\/wordpress\/plugins\/seo\/ -->\n<title>Nuestro m\u00e9todo exclusivo - Polenta Valsugana<\/title>\n<meta name=\"robots\" content=\"index, follow, max-snippet:-1, max-image-preview:large, max-video-preview:-1\" \/>\n<link rel=\"canonical\" href=\"https:\/\/www.polentavalsugana.it\/es\/quienes-somos\/nuestro-metodo-exclusivo\/\" \/>\n<meta property=\"og:locale\" content=\"es_ES\" \/>\n<meta property=\"og:type\" content=\"article\" \/>\n<meta property=\"og:title\" content=\"Nuestro m\u00e9todo exclusivo - Polenta Valsugana\" \/>\n<meta property=\"og:url\" content=\"https:\/\/www.polentavalsugana.it\/es\/quienes-somos\/nuestro-metodo-exclusivo\/\" \/>\n<meta property=\"og:site_name\" content=\"Polenta Valsugana\" \/>\n<meta property=\"article:modified_time\" content=\"2023-03-29T16:35:26+00:00\" \/>\n<meta name=\"twitter:card\" content=\"summary_large_image\" \/>\n<script type=\"application\/ld+json\" class=\"yoast-schema-graph\">{\"@context\":\"https:\/\/schema.org\",\"@graph\":[{\"@type\":\"WebPage\",\"@id\":\"https:\/\/www.polentavalsugana.it\/es\/quienes-somos\/nuestro-metodo-exclusivo\/\",\"url\":\"https:\/\/www.polentavalsugana.it\/es\/quienes-somos\/nuestro-metodo-exclusivo\/\",\"name\":\"Nuestro m\u00e9todo exclusivo - Polenta Valsugana\",\"isPartOf\":{\"@id\":\"https:\/\/www.polentavalsugana.it\/es\/#website\"},\"datePublished\":\"2022-05-11T14:09:35+00:00\",\"dateModified\":\"2023-03-29T16:35:26+00:00\",\"breadcrumb\":{\"@id\":\"https:\/\/www.polentavalsugana.it\/es\/quienes-somos\/nuestro-metodo-exclusivo\/#breadcrumb\"},\"inLanguage\":\"es\",\"potentialAction\":[{\"@type\":\"ReadAction\",\"target\":[\"https:\/\/www.polentavalsugana.it\/es\/quienes-somos\/nuestro-metodo-exclusivo\/\"]}]},{\"@type\":\"BreadcrumbList\",\"@id\":\"https:\/\/www.polentavalsugana.it\/es\/quienes-somos\/nuestro-metodo-exclusivo\/#breadcrumb\",\"itemListElement\":[{\"@type\":\"ListItem\",\"position\":1,\"name\":\"Qui\u00e9nes somos\",\"item\":\"https:\/\/www.polentavalsugana.it\/es\/quienes-somos\/\"},{\"@type\":\"ListItem\",\"position\":2,\"name\":\"Nuestro m\u00e9todo exclusivo\"}]},{\"@type\":\"WebSite\",\"@id\":\"https:\/\/www.polentavalsugana.it\/es\/#website\",\"url\":\"https:\/\/www.polentavalsugana.it\/es\/\",\"name\":\"Polenta Valsugana\",\"description\":\"\",\"publisher\":{\"@id\":\"https:\/\/www.polentavalsugana.it\/es\/#organization\"},\"potentialAction\":[{\"@type\":\"SearchAction\",\"target\":{\"@type\":\"EntryPoint\",\"urlTemplate\":\"https:\/\/www.polentavalsugana.it\/es\/?s={search_term_string}\"},\"query-input\":{\"@type\":\"PropertyValueSpecification\",\"valueRequired\":true,\"valueName\":\"search_term_string\"}}],\"inLanguage\":\"es\"},{\"@type\":\"Organization\",\"@id\":\"https:\/\/www.polentavalsugana.it\/es\/#organization\",\"name\":\"Polenta Valsugana\",\"url\":\"https:\/\/www.polentavalsugana.it\/es\/\",\"logo\":{\"@type\":\"ImageObject\",\"inLanguage\":\"es\",\"@id\":\"https:\/\/www.polentavalsugana.it\/es\/#\/schema\/logo\/image\/\",\"url\":\"https:\/\/www.polentavalsugana.it\/wp-content\/uploads\/2022\/04\/Group-7.png\",\"contentUrl\":\"https:\/\/www.polentavalsugana.it\/wp-content\/uploads\/2022\/04\/Group-7.png\",\"width\":104,\"height\":56,\"caption\":\"Polenta Valsugana\"},\"image\":{\"@id\":\"https:\/\/www.polentavalsugana.it\/es\/#\/schema\/logo\/image\/\"}}]}<\/script>\n<!-- \/ Yoast SEO plugin. -->","yoast_head_json":{"title":"Nuestro m\u00e9todo exclusivo - Polenta Valsugana","robots":{"index":"index","follow":"follow","max-snippet":"max-snippet:-1","max-image-preview":"max-image-preview:large","max-video-preview":"max-video-preview:-1"},"canonical":"https:\/\/www.polentavalsugana.it\/es\/quienes-somos\/nuestro-metodo-exclusivo\/","og_locale":"es_ES","og_type":"article","og_title":"Nuestro m\u00e9todo exclusivo - Polenta Valsugana","og_url":"https:\/\/www.polentavalsugana.it\/es\/quienes-somos\/nuestro-metodo-exclusivo\/","og_site_name":"Polenta Valsugana","article_modified_time":"2023-03-29T16:35:26+00:00","twitter_card":"summary_large_image","schema":{"@context":"https:\/\/schema.org","@graph":[{"@type":"WebPage","@id":"https:\/\/www.polentavalsugana.it\/es\/quienes-somos\/nuestro-metodo-exclusivo\/","url":"https:\/\/www.polentavalsugana.it\/es\/quienes-somos\/nuestro-metodo-exclusivo\/","name":"Nuestro m\u00e9todo exclusivo - Polenta Valsugana","isPartOf":{"@id":"https:\/\/www.polentavalsugana.it\/es\/#website"},"datePublished":"2022-05-11T14:09:35+00:00","dateModified":"2023-03-29T16:35:26+00:00","breadcrumb":{"@id":"https:\/\/www.polentavalsugana.it\/es\/quienes-somos\/nuestro-metodo-exclusivo\/#breadcrumb"},"inLanguage":"es","potentialAction":[{"@type":"ReadAction","target":["https:\/\/www.polentavalsugana.it\/es\/quienes-somos\/nuestro-metodo-exclusivo\/"]}]},{"@type":"BreadcrumbList","@id":"https:\/\/www.polentavalsugana.it\/es\/quienes-somos\/nuestro-metodo-exclusivo\/#breadcrumb","itemListElement":[{"@type":"ListItem","position":1,"name":"Qui\u00e9nes somos","item":"https:\/\/www.polentavalsugana.it\/es\/quienes-somos\/"},{"@type":"ListItem","position":2,"name":"Nuestro m\u00e9todo exclusivo"}]},{"@type":"WebSite","@id":"https:\/\/www.polentavalsugana.it\/es\/#website","url":"https:\/\/www.polentavalsugana.it\/es\/","name":"Polenta Valsugana","description":"","publisher":{"@id":"https:\/\/www.polentavalsugana.it\/es\/#organization"},"potentialAction":[{"@type":"SearchAction","target":{"@type":"EntryPoint","urlTemplate":"https:\/\/www.polentavalsugana.it\/es\/?s={search_term_string}"},"query-input":{"@type":"PropertyValueSpecification","valueRequired":true,"valueName":"search_term_string"}}],"inLanguage":"es"},{"@type":"Organization","@id":"https:\/\/www.polentavalsugana.it\/es\/#organization","name":"Polenta Valsugana","url":"https:\/\/www.polentavalsugana.it\/es\/","logo":{"@type":"ImageObject","inLanguage":"es","@id":"https:\/\/www.polentavalsugana.it\/es\/#\/schema\/logo\/image\/","url":"https:\/\/www.polentavalsugana.it\/wp-content\/uploads\/2022\/04\/Group-7.png","contentUrl":"https:\/\/www.polentavalsugana.it\/wp-content\/uploads\/2022\/04\/Group-7.png","width":104,"height":56,"caption":"Polenta Valsugana"},"image":{"@id":"https:\/\/www.polentavalsugana.it\/es\/#\/schema\/logo\/image\/"}}]}},"_links":{"self":[{"href":"https:\/\/www.polentavalsugana.it\/es\/wp-json\/wp\/v2\/pages\/11193","targetHints":{"allow":["GET"]}}],"collection":[{"href":"https:\/\/www.polentavalsugana.it\/es\/wp-json\/wp\/v2\/pages"}],"about":[{"href":"https:\/\/www.polentavalsugana.it\/es\/wp-json\/wp\/v2\/types\/page"}],"author":[{"embeddable":true,"href":"https:\/\/www.polentavalsugana.it\/es\/wp-json\/wp\/v2\/users\/7"}],"replies":[{"embeddable":true,"href":"https:\/\/www.polentavalsugana.it\/es\/wp-json\/wp\/v2\/comments?post=11193"}],"version-history":[{"count":4,"href":"https:\/\/www.polentavalsugana.it\/es\/wp-json\/wp\/v2\/pages\/11193\/revisions"}],"predecessor-version":[{"id":11267,"href":"https:\/\/www.polentavalsugana.it\/es\/wp-json\/wp\/v2\/pages\/11193\/revisions\/11267"}],"up":[{"embeddable":true,"href":"https:\/\/www.polentavalsugana.it\/es\/wp-json\/wp\/v2\/pages\/11180"}],"wp:attachment":[{"href":"https:\/\/www.polentavalsugana.it\/es\/wp-json\/wp\/v2\/media?parent=11193"}],"curies":[{"name":"wp","href":"https:\/\/api.w.org\/{rel}","templated":true}]}}