{"id":11180,"date":"2022-04-22T10:25:35","date_gmt":"2022-04-22T08:25:35","guid":{"rendered":"https:\/\/www.polentavalsugana.it\/chi-siamo\/"},"modified":"2023-04-28T15:41:53","modified_gmt":"2023-04-28T13:41:53","slug":"quienes-somos","status":"publish","type":"page","link":"https:\/\/www.polentavalsugana.it\/es\/quienes-somos\/","title":{"rendered":"Qui\u00e9nes somos"},"content":{"rendered":"<section id=\"acf-block-644bcd207c264\" class=\"herostandard-block hero--standard-wrapper\" style=\"background: url('https:\/\/www.polentavalsugana.it\/wp-content\/uploads\/2022\/06\/HeroHP_PVS_Prova_b-dark.jpeg'); background-size:cover; background-position:center;\">\n    <div class=\"container-fluid\">\n        <div class=\"row\">\n            <div class=\"col-lg-10 offset-lg-1 col-xs-12\">\n                <h1 class=\"has-white-color\">Nuestros aromas y deliciosos sabores te evocar\u00e1n los recuerdos y las intensas emociones sensoriales de tiempos pasados.<\/h1>\n            <\/div>\n        <\/div>\n    <\/div>\n    <p class=\"has-white-color\">DESPLAZARSE HACIA ABAJO<\/p>\n<\/section>\n<script>\n    let hero_block_a9bda63dc16c185672391885c152535f = document.querySelector('.herostandard-block')\n    let headerTarget = document.querySelector('header');\n    if (headerTarget.classList.contains('header--standard')) {\n        hero_block_a9bda63dc16c185672391885c152535f.classList.add('hero--heightvariant');\n    }\n<\/script>\n\n\n\n\n\n        <section id=\"acf-block-644bcd207c2a5\" class=\"sideoverlap-block side--overlap-wrapper container-fluid\">\n        <div class=\"side--overlap-titlearea\">\n            <div class=\"row\">\n                <div class=\"col-lg-10 offset-lg-1\">\n                    <h2>NUESTRA<br>HISTORIA<\/h2>\n                <\/div>\n            <\/div>\n        <\/div>\n        <div class=\"side--overlap-textimage\">\n            <div class=\"row parallax-comp\">\n                <div class=\"col-lg-8 offset-lg-1 col-md-10 offset-md-1\">\n                    <div class=\"row--textarea row\">\n                        <div class=\"col--textarea col-md-6 parallax-elem\" data-speed=\"0.1\">\n                            <p>Saborear nuestra polenta significa emprender un viaje en el tiempo, el mismo que nos ha llevado allende el oc\u00e9ano para recrear los sabores del hogar.<\/p>\n                            <div class=\"row\">\n                                <div class=\"col-auto\">\n                                                                    <a class=\"cta cta--secondary\" href=\"https:\/\/www.polentavalsugana.it\/es\/nuestra-historia\/\" target=\"_self\">\n                                        <div class=\"cta--text\">SABER M\u00e0S<\/div>\n                                    <\/a>\n                                                                <\/div>\n                            <\/div>\n                        <\/div>\n                        <div class=\"col--image col-md-6 parallax-elem\" data-speed=\"0.2\">\n                                                    <img decoding=\"async\" src=\"https:\/\/www.polentavalsugana.it\/wp-content\/uploads\/2022\/06\/Chi_Siamo_1-1.jpg\" alt=\"\" \/>\n                                                <\/div>\n                    <\/div>\n                <\/div>\n            <\/div>\n        <\/div>\n    <\/section>\n    \n\n\n\n\n\n    <section id=\"acf-block-644bcd207c2d3\" class=\"sideoverlap-block side--overlap-wrapper container-fluid\">\n        <div class=\"side--overlap-titlearea\">\n            <div class=\"row\">\n                <div class=\"col-lg-7 offset-lg-3\">\n                    <h2>Nuestro m\u00e9todo exclusivo<\/h2>\n                <\/div>\n            <\/div>\n        <\/div>\n        <div class=\"side--overlap-textimage\">\n            <div class=\"row parallax-comp\">\n                <div class=\"col-lg-8 offset-lg-2 col-md-10 offset-md-1\">\n                    <div class=\"row--textarea side--overlap-reverse row\">\n                        <div class=\"col--textarea col-md-6 parallax-elem\" data-speed=\"0.1\">\n                            <p>Su aroma, sabor y textura inconfundibles guardan un secreto. El proceso especial de doble cocci\u00f3n al vapor hace que la harina de ma\u00edz sea adecuada para una preparaci\u00f3n r\u00e1pida y realza su sabor \u00fanico.<\/p>\n                            <div class=\"row\">\n                                <div class=\"col-auto\">\n                                                                    <a class=\"cta cta--secondary\" href=\"https:\/\/www.polentavalsugana.it\/es\/quienes-somos\/nuestro-metodo-exclusivo\/\" target=\"_self\">\n                                        <div class=\"cta--text\">SABER M\u00e0S<\/div>\n                                    <\/a>\n                                                                <\/div>\n                            <\/div>\n                        <\/div>\n                        <div class=\"col--image col-md-6 parallax-elem\" data-speed=\"0.2\">\n                                                            <img decoding=\"async\" src=\"https:\/\/www.polentavalsugana.it\/wp-content\/uploads\/2022\/06\/Chi_Siamo_2.jpg\" alt=\"\" \/>\n                                                    <\/div>\n                    <\/div>\n                <\/div>\n            <\/div>\n        <\/div>\n    <\/section>\n\n    \n\n\n        <section id=\"acf-block-644bcd207c2e8\" class=\"sideoverlap-block side--overlap-wrapper container-fluid\">\n        <div class=\"side--overlap-titlearea\">\n            <div class=\"row\">\n                <div class=\"col-lg-9 offset-lg-2\">\n                    <h2>Nuestro enfoque sostenibile <\/h2>\n                <\/div>\n            <\/div>\n        <\/div>\n        <div class=\"side--overlap-textimage\">\n            <div class=\"row parallax-comp\">\n                <div class=\"col-lg-9 offset-lg-2 col-md-10 offset-md-1\">\n                    <div class=\"row--textarea row\">\n                        <div class=\"col--textarea col-md-6 parallax-elem\" data-speed=\"0.1\">\n                            <p>Tenemos la obligaci\u00f3n de utilizar de forma responsable lo que el Planeta nos ofrece y de sacarle el m\u00e1ximo partido, contribuyendo tambi\u00e9n a la lucha contra el despilfarro.<\/p>\n                            <div class=\"row\">\n                                <div class=\"col-auto\">\n                                                                    <a class=\"cta cta--secondary\" href=\"https:\/\/www.polentavalsugana.it\/es\/quienes-somos\/nuestro-enfoque-sostenible\/\" target=\"_self\">\n                                        <div class=\"cta--text\">SABER M\u00e0S<\/div>\n                                    <\/a>\n                                                                <\/div>\n                            <\/div>\n                        <\/div>\n                        <div class=\"col--image col-md-6 parallax-elem\" data-speed=\"0.2\">\n                                                    <img decoding=\"async\" src=\"https:\/\/www.polentavalsugana.it\/wp-content\/uploads\/2022\/06\/Chi_Siamo_3.jpg\" alt=\"\" \/>\n                                                <\/div>\n                    <\/div>\n                <\/div>\n            <\/div>\n        <\/div>\n    <\/section>\n    \n\n\n        <section id=\"acf-block-644bcd207c413\" class=\"sideoverlap-block side--overlap-wrapper container-fluid\">\n        <div class=\"side--overlap-titlearea\">\n            <div class=\"row\">\n                <div class=\"col-lg-10 offset-lg-1\">\n                    <h2>SIEMPRE ES UNA<br> BUENA IDEA<\/h2>\n                <\/div>\n            <\/div>\n        <\/div>\n        <div class=\"side--overlap-textimage\">\n            <div class=\"row parallax-comp\">\n                <div class=\"col-lg-8 offset-lg-1 col-md-10 offset-md-1\">\n                    <div class=\"row--textarea row\">\n                        <div class=\"col--textarea col-md-6 parallax-elem\" data-speed=\"0.1\">\n                            <p>Pr\u00e1ctica y vers\u00e1til, nuestra polenta es la base perfecta para experimentar con ideas siempre distintas, donde los cl\u00e1sicos platos de siempre se combinan con un incansable deseo de innovar.<\/p>\n                            <div class=\"row\">\n                                <div class=\"col-auto\">\n                                                                    <a class=\"cta cta--secondary\" href=\"https:\/\/www.polentavalsugana.it\/es\/recetas\/\" target=\"_self\">\n                                        <div class=\"cta--text\">SABER M\u00e0S<\/div>\n                                    <\/a>\n                                                                <\/div>\n                            <\/div>\n                        <\/div>\n                        <div class=\"col--image col-md-6 parallax-elem\" data-speed=\"0.2\">\n                                                    <img decoding=\"async\" src=\"https:\/\/www.polentavalsugana.it\/wp-content\/uploads\/2022\/06\/Chi_Siamo_4.jpg\" alt=\"\" \/>\n                                                <\/div>\n                    <\/div>\n                <\/div>\n            <\/div>\n        <\/div>\n    <\/section>\n    ","protected":false},"excerpt":{"rendered":"","protected":false},"author":7,"featured_media":0,"parent":0,"menu_order":0,"comment_status":"closed","ping_status":"closed","template":"","meta":{"_acf_changed":false,"footnotes":""},"class_list":["post-11180","page","type-page","status-publish","hentry"],"acf":[],"yoast_head":"<!-- This site is optimized with the Yoast SEO plugin v25.3.1 - https:\/\/yoast.com\/wordpress\/plugins\/seo\/ -->\n<title>Qui\u00e9nes somos - Polenta Valsugana<\/title>\n<meta name=\"description\" content=\"Ci prendiamo cura del tuo benessere quotidiano facendoti rivivere le sensazioni di una volta, senza farti rinunciare al gusto e alla fantasia.\" \/>\n<meta name=\"robots\" content=\"index, follow, max-snippet:-1, max-image-preview:large, max-video-preview:-1\" \/>\n<link rel=\"canonical\" href=\"https:\/\/www.polentavalsugana.it\/es\/quienes-somos\/\" \/>\n<meta property=\"og:locale\" content=\"es_ES\" \/>\n<meta property=\"og:type\" content=\"article\" \/>\n<meta property=\"og:title\" content=\"Qui\u00e9nes somos - Polenta Valsugana\" \/>\n<meta property=\"og:description\" content=\"Ci prendiamo cura del tuo benessere quotidiano facendoti rivivere le sensazioni di una volta, senza farti rinunciare al gusto e alla fantasia.\" \/>\n<meta property=\"og:url\" content=\"https:\/\/www.polentavalsugana.it\/es\/quienes-somos\/\" \/>\n<meta property=\"og:site_name\" content=\"Polenta Valsugana\" \/>\n<meta property=\"article:modified_time\" content=\"2023-04-28T13:41:53+00:00\" \/>\n<meta name=\"twitter:card\" content=\"summary_large_image\" \/>\n<script type=\"application\/ld+json\" class=\"yoast-schema-graph\">{\"@context\":\"https:\/\/schema.org\",\"@graph\":[{\"@type\":\"WebPage\",\"@id\":\"https:\/\/www.polentavalsugana.it\/es\/quienes-somos\/\",\"url\":\"https:\/\/www.polentavalsugana.it\/es\/quienes-somos\/\",\"name\":\"Qui\u00e9nes somos - Polenta Valsugana\",\"isPartOf\":{\"@id\":\"https:\/\/www.polentavalsugana.it\/es\/#website\"},\"datePublished\":\"2022-04-22T08:25:35+00:00\",\"dateModified\":\"2023-04-28T13:41:53+00:00\",\"description\":\"Ci prendiamo cura del tuo benessere quotidiano facendoti rivivere le sensazioni di una volta, senza farti rinunciare al gusto e alla fantasia.\",\"inLanguage\":\"es\",\"potentialAction\":[{\"@type\":\"ReadAction\",\"target\":[\"https:\/\/www.polentavalsugana.it\/es\/quienes-somos\/\"]}]},{\"@type\":\"WebSite\",\"@id\":\"https:\/\/www.polentavalsugana.it\/es\/#website\",\"url\":\"https:\/\/www.polentavalsugana.it\/es\/\",\"name\":\"Polenta Valsugana\",\"description\":\"\",\"publisher\":{\"@id\":\"https:\/\/www.polentavalsugana.it\/es\/#organization\"},\"potentialAction\":[{\"@type\":\"SearchAction\",\"target\":{\"@type\":\"EntryPoint\",\"urlTemplate\":\"https:\/\/www.polentavalsugana.it\/es\/?s={search_term_string}\"},\"query-input\":{\"@type\":\"PropertyValueSpecification\",\"valueRequired\":true,\"valueName\":\"search_term_string\"}}],\"inLanguage\":\"es\"},{\"@type\":\"Organization\",\"@id\":\"https:\/\/www.polentavalsugana.it\/es\/#organization\",\"name\":\"Polenta Valsugana\",\"url\":\"https:\/\/www.polentavalsugana.it\/es\/\",\"logo\":{\"@type\":\"ImageObject\",\"inLanguage\":\"es\",\"@id\":\"https:\/\/www.polentavalsugana.it\/es\/#\/schema\/logo\/image\/\",\"url\":\"https:\/\/www.polentavalsugana.it\/wp-content\/uploads\/2022\/04\/Group-7.png\",\"contentUrl\":\"https:\/\/www.polentavalsugana.it\/wp-content\/uploads\/2022\/04\/Group-7.png\",\"width\":104,\"height\":56,\"caption\":\"Polenta Valsugana\"},\"image\":{\"@id\":\"https:\/\/www.polentavalsugana.it\/es\/#\/schema\/logo\/image\/\"}}]}<\/script>\n<!-- \/ Yoast SEO plugin. -->","yoast_head_json":{"title":"Qui\u00e9nes somos - Polenta Valsugana","description":"Ci prendiamo cura del tuo benessere quotidiano facendoti rivivere le sensazioni di una volta, senza farti rinunciare al gusto e alla fantasia.","robots":{"index":"index","follow":"follow","max-snippet":"max-snippet:-1","max-image-preview":"max-image-preview:large","max-video-preview":"max-video-preview:-1"},"canonical":"https:\/\/www.polentavalsugana.it\/es\/quienes-somos\/","og_locale":"es_ES","og_type":"article","og_title":"Qui\u00e9nes somos - Polenta Valsugana","og_description":"Ci prendiamo cura del tuo benessere quotidiano facendoti rivivere le sensazioni di una volta, senza farti rinunciare al gusto e alla fantasia.","og_url":"https:\/\/www.polentavalsugana.it\/es\/quienes-somos\/","og_site_name":"Polenta Valsugana","article_modified_time":"2023-04-28T13:41:53+00:00","twitter_card":"summary_large_image","schema":{"@context":"https:\/\/schema.org","@graph":[{"@type":"WebPage","@id":"https:\/\/www.polentavalsugana.it\/es\/quienes-somos\/","url":"https:\/\/www.polentavalsugana.it\/es\/quienes-somos\/","name":"Qui\u00e9nes somos - Polenta Valsugana","isPartOf":{"@id":"https:\/\/www.polentavalsugana.it\/es\/#website"},"datePublished":"2022-04-22T08:25:35+00:00","dateModified":"2023-04-28T13:41:53+00:00","description":"Ci prendiamo cura del tuo benessere quotidiano facendoti rivivere le sensazioni di una volta, senza farti rinunciare al gusto e alla fantasia.","inLanguage":"es","potentialAction":[{"@type":"ReadAction","target":["https:\/\/www.polentavalsugana.it\/es\/quienes-somos\/"]}]},{"@type":"WebSite","@id":"https:\/\/www.polentavalsugana.it\/es\/#website","url":"https:\/\/www.polentavalsugana.it\/es\/","name":"Polenta Valsugana","description":"","publisher":{"@id":"https:\/\/www.polentavalsugana.it\/es\/#organization"},"potentialAction":[{"@type":"SearchAction","target":{"@type":"EntryPoint","urlTemplate":"https:\/\/www.polentavalsugana.it\/es\/?s={search_term_string}"},"query-input":{"@type":"PropertyValueSpecification","valueRequired":true,"valueName":"search_term_string"}}],"inLanguage":"es"},{"@type":"Organization","@id":"https:\/\/www.polentavalsugana.it\/es\/#organization","name":"Polenta Valsugana","url":"https:\/\/www.polentavalsugana.it\/es\/","logo":{"@type":"ImageObject","inLanguage":"es","@id":"https:\/\/www.polentavalsugana.it\/es\/#\/schema\/logo\/image\/","url":"https:\/\/www.polentavalsugana.it\/wp-content\/uploads\/2022\/04\/Group-7.png","contentUrl":"https:\/\/www.polentavalsugana.it\/wp-content\/uploads\/2022\/04\/Group-7.png","width":104,"height":56,"caption":"Polenta Valsugana"},"image":{"@id":"https:\/\/www.polentavalsugana.it\/es\/#\/schema\/logo\/image\/"}}]}},"_links":{"self":[{"href":"https:\/\/www.polentavalsugana.it\/es\/wp-json\/wp\/v2\/pages\/11180","targetHints":{"allow":["GET"]}}],"collection":[{"href":"https:\/\/www.polentavalsugana.it\/es\/wp-json\/wp\/v2\/pages"}],"about":[{"href":"https:\/\/www.polentavalsugana.it\/es\/wp-json\/wp\/v2\/types\/page"}],"author":[{"embeddable":true,"href":"https:\/\/www.polentavalsugana.it\/es\/wp-json\/wp\/v2\/users\/7"}],"replies":[{"embeddable":true,"href":"https:\/\/www.polentavalsugana.it\/es\/wp-json\/wp\/v2\/comments?post=11180"}],"version-history":[{"count":15,"href":"https:\/\/www.polentavalsugana.it\/es\/wp-json\/wp\/v2\/pages\/11180\/revisions"}],"predecessor-version":[{"id":11432,"href":"https:\/\/www.polentavalsugana.it\/es\/wp-json\/wp\/v2\/pages\/11180\/revisions\/11432"}],"wp:attachment":[{"href":"https:\/\/www.polentavalsugana.it\/es\/wp-json\/wp\/v2\/media?parent=11180"}],"curies":[{"name":"wp","href":"https:\/\/api.w.org\/{rel}","templated":true}]}}