{"id":11172,"date":"2022-04-22T10:25:52","date_gmt":"2022-04-22T08:25:52","guid":{"rendered":"https:\/\/www.polentavalsugana.it\/polenta\/"},"modified":"2023-04-20T12:18:53","modified_gmt":"2023-04-20T10:18:53","slug":"polenta","status":"publish","type":"page","link":"https:\/\/www.polentavalsugana.it\/es\/polenta\/","title":{"rendered":"La polenta"},"content":{"rendered":"\n<section id=\"acf-block-6441118a81045\" class=\"spacing-block spacing-m spacing\"><\/section>\n\n\n\n<section id=\"acf-block-6441118a810a2\" class=\"containeroffset-block containeroffset--wrapper container-fluid\">\n    <div class=\"row\">\n                    <div class=\"col-lg-8 offset-lg-2\">\n                \n<h1 style=\"text-transform:uppercase;\" class=\"has-text-align-center wp-block-post-title has-font-xl-font-size\">La polenta<\/h1>\n\n\n<p class=\"has-text-align-center has-font-s-font-size\">No solo pr\u00e1ctica y vers\u00e1til<\/p>\n\n\n\n<section id=\"acf-block-6441118a810bd\" class=\"spacing-block spacing-s spacing\"><\/section>\n\n\n<figure class=\"wp-block-image size-large\"><img loading=\"lazy\" decoding=\"async\" width=\"1024\" height=\"431\" src=\"https:\/\/www.polentavalsugana.it\/wp-content\/uploads\/2022\/07\/La_polenta-1024x431.jpeg\" alt=\"\" class=\"wp-image-7267\" srcset=\"https:\/\/www.polentavalsugana.it\/wp-content\/uploads\/2022\/07\/La_polenta-1024x431.jpeg 1024w, https:\/\/www.polentavalsugana.it\/wp-content\/uploads\/2022\/07\/La_polenta-300x126.jpeg 300w, https:\/\/www.polentavalsugana.it\/wp-content\/uploads\/2022\/07\/La_polenta-768x323.jpeg 768w, https:\/\/www.polentavalsugana.it\/wp-content\/uploads\/2022\/07\/La_polenta.jpeg 1122w\" sizes=\"auto, (max-width: 1024px) 100vw, 1024px\" \/><\/figure>\n\n\n\n<section id=\"acf-block-6441118a810d0\" class=\"spacing-block spacing-m spacing\"><\/section>\n\n\n<p>La polenta de ma\u00edz es un plato importante de la tradici\u00f3n gastron\u00f3mica italiana, que puede formar parte de una dieta sana y equilibrada, acompa\u00f1ado de una gran variedad de alimentos. En cuanto al aspecto estrictamente nutricional, la harina de ma\u00edz, una vez cocida con agua y sal, es una rica fuente de hidratos de carbono complejos (almid\u00f3n). <\/p>\n\n\n\n<p>Los almidones de ma\u00edz son de <strong>alta digestibilidad<\/strong> y de r\u00e1pida absorci\u00f3n: una vez cocidos, son digeridos r\u00e1pidamente por las enzimas de nuestro intestino y pasan a la sangre en forma de glucosa, por lo que tambi\u00e9n proporcionan un aporte de energ\u00eda, especialmente para los m\u00fasculos y el cerebro. La polenta tambi\u00e9n contiene prote\u00ednas (7-8 %) y una baja cantidad de <strong>grasas: menos del 2 %<\/strong>. El contenido cal\u00f3rico es de 280 kcal por una porci\u00f3n est\u00e1ndar preparada con 80 g de harina. <\/p>\n\n\n\n<p>Entre los componentes menores de la harina de ma\u00edz, y por tanto de la polenta, se encuentran algunas sustancias con acci\u00f3n antioxidante y vitam\u00ednica que est\u00e1n presentes sobre todo en las variantes \u00abamarillas\u00bb del ma\u00edz: la lute\u00edna, la zeaxantina y la vitamina A.<\/p>\n\n\n\n<p> Adem\u00e1s, la harina de ma\u00edz contiene muy poco sodio, por lo que es adecuada para quienes desean reducir el consumo de sal, siempre que no se a\u00f1ada demasiada durante la preparaci\u00f3n. El ma\u00edz es un cereal naturalmente sin gluten, por lo que es adecuado para todo aquel que quiera cuidar su alimentaci\u00f3n. Todos los productos de la gama Polenta Valsugana est\u00e1n incluidos en el Manual de Alimentos ed. 2022\/23 publicado por la Asociaci\u00f3n Italiana de Cel\u00edacos.<\/p>\n\n\n            <\/div>\n                <\/div>\n<\/section>\n\n\n<div class=\"wp-block-group is-vertical is-layout-flex wp-container-core-group-is-layout-1 wp-block-group-is-layout-flex\">\n<section id=\"acf-block-6441118a810e3\" class=\"spacing-block spacing-m spacing\"><\/section><\/div>\n\n\n\n\n<section id=\"acf-block-6441118a810f0\" class=\"containeroffset-block containeroffset--wrapper container-fluid\">\n    <div class=\"row\">\n                    <div class=\"col-lg-10 offset-lg-1\">\n                \n<section id=\"acf-block-6441118a8110d\" class=\"listproductnutritional-block list--productnutritional container-fluid\">\n    <div class=\"row\">\n        <div class=\"col-lg-10 offset-lg-1\">\n            <h2>VALORES NUTRICIONALES<\/h2>\n            <p>Por 100 g de harina de ma\u00edz<\/p>\n            <div class=\"nutritionaltable\">\n                                <div class=\"row--single-nutritional row\">\n                        <div class=\"col-md-auto order-1 order-md-1\">\n                            <p>Valor energ\u00e9tico<\/p>\n                        <\/div>\n                        <div class=\"col-dashed col order-3 order-md-2\"><\/div>\n                        <div class=\"col-md-auto order-2 order-md-3\">\n                            <p>355 Kcal<\/p>\n                        <\/div>\n                    <\/div>\n                                        <div class=\"row--single-nutritional row\">\n                        <div class=\"col-md-auto order-1 order-md-1\">\n                            <p>Grasas<\/p>\n                        <\/div>\n                        <div class=\"col-dashed col order-3 order-md-2\"><\/div>\n                        <div class=\"col-md-auto order-2 order-md-3\">\n                            <p>1,2 g<\/p>\n                        <\/div>\n                    <\/div>\n                                        <div class=\"row--single-nutritional row\">\n                        <div class=\"col-md-auto order-1 order-md-1\">\n                            <p>Hidratos de carbono<\/p>\n                        <\/div>\n                        <div class=\"col-dashed col order-3 order-md-2\"><\/div>\n                        <div class=\"col-md-auto order-2 order-md-3\">\n                            <p>77,4 g<\/p>\n                        <\/div>\n                    <\/div>\n                                        <div class=\"row--single-nutritional row\">\n                        <div class=\"col-md-auto order-1 order-md-1\">\n                            <p>Prote\u00ednas<\/p>\n                        <\/div>\n                        <div class=\"col-dashed col order-3 order-md-2\"><\/div>\n                        <div class=\"col-md-auto order-2 order-md-3\">\n                            <p>7,2 g<\/p>\n                        <\/div>\n                    <\/div>\n                                <\/div>\n        <\/div>\n    <\/div>\n<\/section>\n\n            <\/div>\n                <\/div>\n<\/section>\n\n\n<section id=\"acf-block-6441118a81122\" class=\"carouselhighlight-block block_c62b543809a5c40c0b54be61d0c8bc8a carousel--highlight parallax-comp\">\n  <div class=\"carousel--highlight-intro container-fluid\">\n    <div class=\"row\">\n      <h2>TODOS NUESTROS PRODUCTOS<\/h2>\n          <\/div>\n  <\/div>\n  <div class=\"cursor\"><span>Descubres<\/span><\/div>\n      <div class=\"swiper-overflow-container parallax-elem\" data-speed=\"0.1\">\n      <div class=\"container-fluid\">\n          <div class=\"swiper carousel--highlight-block_c62b543809a5c40c0b54be61d0c8bc8a\" >\n              <div class=\"swiper-wrapper\">\n                                                  <div class=\"swiper-slide\">\n                    <div class=\"card--highlight\">\n                      <a class=\"card--highlight-link cursor-href\" href=\"https:\/\/www.polentavalsugana.it\/es\/productos\/con-boletus\/\">\n                        <div class=\"card--highlight-circlebg\"><\/div>\n                        <div class=\"card--highlight-content\">\n                                                      <img decoding=\"async\" src=\"https:\/\/www.polentavalsugana.it\/wp-content\/uploads\/2022\/06\/3D-facile-e-veloce-Funghi-FR.png\" alt=\"polenta con funghi porcini\" class=\"frontimg\" \/>\n                                                    <img decoding=\"async\" src=\"https:\/\/www.polentavalsugana.it\/wp-content\/uploads\/2022\/06\/3D-facile-e-veloce-Funghi-FR-ingredienti.png\" class=\"backimg\">\n                          <p class=\"category\">F\u00e1cil y r\u00e1pida<\/p>                          <h3>Con Boletus<\/h3>\n                          <p>Preparado para polenta r\u00e1pida precocida con boletus<\/p>\n                          <a class=\"cta cta--secondary\" href=\"https:\/\/www.polentavalsugana.it\/es\/productos\/con-boletus\/\" target=\"_self\">\n                            <div class=\"cta--text\">Saber m\u00e1s<\/div>\n                          <\/a>\n                        <\/div>\n                      <\/a>\n                    <\/div>\n                  <\/div>\n                                    <div class=\"swiper-slide\">\n                    <div class=\"card--highlight\">\n                      <a class=\"card--highlight-link cursor-href\" href=\"https:\/\/www.polentavalsugana.it\/es\/productos\/de-quesos\/\">\n                        <div class=\"card--highlight-circlebg\"><\/div>\n                        <div class=\"card--highlight-content\">\n                                                      <img decoding=\"async\" src=\"https:\/\/www.polentavalsugana.it\/wp-content\/uploads\/2022\/06\/3D-facile-e-veloce-Formaggi-FR-1.png\" alt=\"\" class=\"frontimg\" \/>\n                                                    <img decoding=\"async\" src=\"https:\/\/www.polentavalsugana.it\/wp-content\/uploads\/2022\/06\/3D-facile-e-veloce-Formaggi-FR-ingredienti.png\" class=\"backimg\">\n                          <p class=\"category\">F\u00e1cil y r\u00e1pida<\/p>                          <h3>De Quesos<\/h3>\n                          <p>Preparado para polenta r\u00e1pida precocida de quesos<\/p>\n                          <a class=\"cta cta--secondary\" href=\"https:\/\/www.polentavalsugana.it\/es\/productos\/de-quesos\/\" target=\"_self\">\n                            <div class=\"cta--text\">Saber m\u00e1s<\/div>\n                          <\/a>\n                        <\/div>\n                      <\/a>\n                    <\/div>\n                  <\/div>\n                                    <div class=\"swiper-slide\">\n                    <div class=\"card--highlight\">\n                      <a class=\"card--highlight-link cursor-href\" href=\"https:\/\/www.polentavalsugana.it\/es\/productos\/de-salsa-bolonesa\/\">\n                        <div class=\"card--highlight-circlebg\"><\/div>\n                        <div class=\"card--highlight-content\">\n                                                      <img decoding=\"async\" src=\"https:\/\/www.polentavalsugana.it\/wp-content\/uploads\/2022\/06\/3D-facile-e-veloce-Ragu-FR.png\" alt=\"polenta con rag\u00f9 di carne\" class=\"frontimg\" \/>\n                                                    <img decoding=\"async\" src=\"https:\/\/www.polentavalsugana.it\/wp-content\/uploads\/2022\/06\/3D-facile-e-veloce-Ragu-FR-ingredienti.png\" class=\"backimg\">\n                          <p class=\"category\">F\u00e1cil y r\u00e1pida<\/p>                          <h3>De Salsa Bolo\u00f1esa<\/h3>\n                          <p>Preparado para polenta r\u00e1pida precocida de salsa bolo\u00f1esa con carne de vacuno liofilizada<\/p>\n                          <a class=\"cta cta--secondary\" href=\"https:\/\/www.polentavalsugana.it\/es\/productos\/de-salsa-bolonesa\/\" target=\"_self\">\n                            <div class=\"cta--text\">Saber m\u00e1s<\/div>\n                          <\/a>\n                        <\/div>\n                      <\/a>\n                    <\/div>\n                  <\/div>\n                                              <\/div>\n              <div class=\"carousel--highlight-pagination carousel--highlight-pagination-block_c62b543809a5c40c0b54be61d0c8bc8a\"><\/div>\n          <\/div>\n      <\/div>\n  <\/div>\n<\/section>\n    <script>\nconst swiper_69d191eaf2d11 = new Swiper('.carousel--highlight-block_c62b543809a5c40c0b54be61d0c8bc8a', {\n    loop: false,\n    grabCursor: true,\n    speed: 400,\n    threshold: 2,\n    preventClicks: true,\n    preventClicksPropagation: true,\n    preventInteractionOnTransition: true,\n    slideToClickedSlide: true,\n    breakpoints: {\n        320: {\n            slidesPerView: 1,\n            spaceBetween: 0,\n            centeredSlides: true,\n        },\n        768: {\n            slidesPerView: 1.75,\n            spaceBetween: 20,\n            centeredSlides: true,\n            initialSlide: 1,\n        },\n        1024: {\n            slidesPerView : 2.35,\n            spaceBetween: 20,\n            centeredSlides: true,\n            initialSlide: 1,\n        },\n        1280: {\n            slidesPerView : 2,\n            spaceBetween: 20,\n            centeredSlides: true,\n            initialSlide: 1,\n        },\n        1440: {\n            slidesPerView : 2.1,\n            spaceBetween: 200,\n            centeredSlides: true,\n            initialSlide: 1,\n        }\n    },\n    pagination: {\n      el: '.carousel--highlight-pagination-block_c62b543809a5c40c0b54be61d0c8bc8a',\n      type: 'bullets',\n      clickable: true,\n      bulletClass: 'swiper-bullet'\n    },\n});\n\n\n<\/script>\n\n\n<section id=\"acf-block-6441118a81131\" class=\"spacing-block spacing-m spacing\"><\/section>\n\n\n\n<section id=\"acf-block-6441118a8113d\" class=\"containeroffset-block containeroffset--wrapper container-fluid\">\n    <div class=\"row\">\n                    <div class=\"col-lg-8 offset-lg-2\">\n                \n\n<h2 class=\"has-text-align-center has-font-xl-font-size wp-block-heading\" style=\"text-transform:uppercase\">PREGUNTAS FRECUENTES<\/h2>\n\n\n\n<figure class=\"wp-block-image size-full\"><img loading=\"lazy\" decoding=\"async\" width=\"934\" height=\"617\" src=\"https:\/\/www.polentavalsugana.it\/wp-content\/uploads\/2022\/05\/image-93.png\" alt=\"\" class=\"wp-image-556\" srcset=\"https:\/\/www.polentavalsugana.it\/wp-content\/uploads\/2022\/05\/image-93.png 934w, https:\/\/www.polentavalsugana.it\/wp-content\/uploads\/2022\/05\/image-93-300x198.png 300w, https:\/\/www.polentavalsugana.it\/wp-content\/uploads\/2022\/05\/image-93-768x507.png 768w, https:\/\/www.polentavalsugana.it\/wp-content\/uploads\/2022\/05\/image-93-310x205.png 310w\" sizes=\"auto, (max-width: 934px) 100vw, 934px\" \/><\/figure>\n\n\n\n<section id=\"acf-block-6441118a81150\" class=\"spacing-block spacing-s spacing\"><\/section>\n\n\n<p class=\"has-text-align-center\">\u00bfDeseas tener informaci\u00f3n m\u00e1s detallada sobre nuestros productos? En esta secci\u00f3n encontrar\u00e1s las respuestas a todas tus dudas.<\/p>\n\n\n\n<div id=\"acf-block-6441118a81266\" class=\"calltoaction-block container-fluid\">\n    <div class=\"row\">\n        <div class=\"col-md-auto col--cta\">\n                    <a class=\"cta cta--secondary\" href=\"https:\/\/www.polentavalsugana.it\/es\/polenta\/preguntas-frecuentes\/\" target=\"_self\">\n                <div class=\"cta--text\">SABER M\u00e0S<\/div>\n            <\/a>\n                <\/div>\n        <div class=\"col-md-auto col--cta\">\n                <\/div>\n    <\/div>\n<\/div>\n\n            <\/div>\n                <\/div>\n<\/section>","protected":false},"excerpt":{"rendered":"","protected":false},"author":7,"featured_media":0,"parent":0,"menu_order":0,"comment_status":"closed","ping_status":"closed","template":"","meta":{"_acf_changed":false,"footnotes":""},"class_list":["post-11172","page","type-page","status-publish","hentry"],"acf":[],"yoast_head":"<!-- This site is optimized with the Yoast SEO plugin v25.3.1 - https:\/\/yoast.com\/wordpress\/plugins\/seo\/ -->\n<title>Polenta: calorie e caratteristiche nutrizionali - Polenta Valsugana<\/title>\n<meta name=\"description\" content=\"La polenta \u00e8 un piatto importante della tradizione gastronomica italiana, scopri le sue caratteristiche nutrizionali e le calorie per 100gr di prodotto.\" \/>\n<meta name=\"robots\" content=\"index, follow, max-snippet:-1, max-image-preview:large, max-video-preview:-1\" \/>\n<link rel=\"canonical\" href=\"https:\/\/www.polentavalsugana.it\/es\/polenta\/\" \/>\n<meta property=\"og:locale\" content=\"es_ES\" \/>\n<meta property=\"og:type\" content=\"article\" \/>\n<meta property=\"og:title\" content=\"Polenta: calorie e caratteristiche nutrizionali - Polenta Valsugana\" \/>\n<meta property=\"og:description\" content=\"La polenta \u00e8 un piatto importante della tradizione gastronomica italiana, scopri le sue caratteristiche nutrizionali e le calorie per 100gr di prodotto.\" \/>\n<meta property=\"og:url\" content=\"https:\/\/www.polentavalsugana.it\/es\/polenta\/\" \/>\n<meta property=\"og:site_name\" content=\"Polenta Valsugana\" \/>\n<meta property=\"article:modified_time\" content=\"2023-04-20T10:18:53+00:00\" \/>\n<meta property=\"og:image\" content=\"https:\/\/www.polentavalsugana.it\/wp-content\/uploads\/2022\/07\/La_polenta-1024x431.jpeg\" \/>\n<meta name=\"twitter:card\" content=\"summary_large_image\" \/>\n<meta name=\"twitter:label1\" content=\"Tiempo de lectura\" \/>\n\t<meta name=\"twitter:data1\" content=\"2 minutos\" \/>\n<script type=\"application\/ld+json\" class=\"yoast-schema-graph\">{\"@context\":\"https:\/\/schema.org\",\"@graph\":[{\"@type\":\"WebPage\",\"@id\":\"https:\/\/www.polentavalsugana.it\/es\/polenta\/\",\"url\":\"https:\/\/www.polentavalsugana.it\/es\/polenta\/\",\"name\":\"Polenta: calorie e caratteristiche nutrizionali - Polenta Valsugana\",\"isPartOf\":{\"@id\":\"https:\/\/www.polentavalsugana.it\/es\/#website\"},\"primaryImageOfPage\":{\"@id\":\"https:\/\/www.polentavalsugana.it\/es\/polenta\/#primaryimage\"},\"image\":{\"@id\":\"https:\/\/www.polentavalsugana.it\/es\/polenta\/#primaryimage\"},\"thumbnailUrl\":\"https:\/\/www.polentavalsugana.it\/wp-content\/uploads\/2022\/07\/La_polenta-1024x431.jpeg\",\"datePublished\":\"2022-04-22T08:25:52+00:00\",\"dateModified\":\"2023-04-20T10:18:53+00:00\",\"description\":\"La polenta \u00e8 un piatto importante della tradizione gastronomica italiana, scopri le sue caratteristiche nutrizionali e le calorie per 100gr di prodotto.\",\"inLanguage\":\"es\",\"potentialAction\":[{\"@type\":\"ReadAction\",\"target\":[\"https:\/\/www.polentavalsugana.it\/es\/polenta\/\"]}]},{\"@type\":\"ImageObject\",\"inLanguage\":\"es\",\"@id\":\"https:\/\/www.polentavalsugana.it\/es\/polenta\/#primaryimage\",\"url\":\"https:\/\/www.polentavalsugana.it\/wp-content\/uploads\/2022\/07\/La_polenta-1024x431.jpeg\",\"contentUrl\":\"https:\/\/www.polentavalsugana.it\/wp-content\/uploads\/2022\/07\/La_polenta-1024x431.jpeg\"},{\"@type\":\"WebSite\",\"@id\":\"https:\/\/www.polentavalsugana.it\/es\/#website\",\"url\":\"https:\/\/www.polentavalsugana.it\/es\/\",\"name\":\"Polenta Valsugana\",\"description\":\"\",\"publisher\":{\"@id\":\"https:\/\/www.polentavalsugana.it\/es\/#organization\"},\"potentialAction\":[{\"@type\":\"SearchAction\",\"target\":{\"@type\":\"EntryPoint\",\"urlTemplate\":\"https:\/\/www.polentavalsugana.it\/es\/?s={search_term_string}\"},\"query-input\":{\"@type\":\"PropertyValueSpecification\",\"valueRequired\":true,\"valueName\":\"search_term_string\"}}],\"inLanguage\":\"es\"},{\"@type\":\"Organization\",\"@id\":\"https:\/\/www.polentavalsugana.it\/es\/#organization\",\"name\":\"Polenta Valsugana\",\"url\":\"https:\/\/www.polentavalsugana.it\/es\/\",\"logo\":{\"@type\":\"ImageObject\",\"inLanguage\":\"es\",\"@id\":\"https:\/\/www.polentavalsugana.it\/es\/#\/schema\/logo\/image\/\",\"url\":\"https:\/\/www.polentavalsugana.it\/wp-content\/uploads\/2022\/04\/Group-7.png\",\"contentUrl\":\"https:\/\/www.polentavalsugana.it\/wp-content\/uploads\/2022\/04\/Group-7.png\",\"width\":104,\"height\":56,\"caption\":\"Polenta Valsugana\"},\"image\":{\"@id\":\"https:\/\/www.polentavalsugana.it\/es\/#\/schema\/logo\/image\/\"}}]}<\/script>\n<!-- \/ Yoast SEO plugin. -->","yoast_head_json":{"title":"Polenta: calorie e caratteristiche nutrizionali - Polenta Valsugana","description":"La polenta \u00e8 un piatto importante della tradizione gastronomica italiana, scopri le sue caratteristiche nutrizionali e le calorie per 100gr di prodotto.","robots":{"index":"index","follow":"follow","max-snippet":"max-snippet:-1","max-image-preview":"max-image-preview:large","max-video-preview":"max-video-preview:-1"},"canonical":"https:\/\/www.polentavalsugana.it\/es\/polenta\/","og_locale":"es_ES","og_type":"article","og_title":"Polenta: calorie e caratteristiche nutrizionali - Polenta Valsugana","og_description":"La polenta \u00e8 un piatto importante della tradizione gastronomica italiana, scopri le sue caratteristiche nutrizionali e le calorie per 100gr di prodotto.","og_url":"https:\/\/www.polentavalsugana.it\/es\/polenta\/","og_site_name":"Polenta Valsugana","article_modified_time":"2023-04-20T10:18:53+00:00","og_image":[{"url":"https:\/\/www.polentavalsugana.it\/wp-content\/uploads\/2022\/07\/La_polenta-1024x431.jpeg","type":"","width":"","height":""}],"twitter_card":"summary_large_image","twitter_misc":{"Tiempo de lectura":"2 minutos"},"schema":{"@context":"https:\/\/schema.org","@graph":[{"@type":"WebPage","@id":"https:\/\/www.polentavalsugana.it\/es\/polenta\/","url":"https:\/\/www.polentavalsugana.it\/es\/polenta\/","name":"Polenta: calorie e caratteristiche nutrizionali - Polenta Valsugana","isPartOf":{"@id":"https:\/\/www.polentavalsugana.it\/es\/#website"},"primaryImageOfPage":{"@id":"https:\/\/www.polentavalsugana.it\/es\/polenta\/#primaryimage"},"image":{"@id":"https:\/\/www.polentavalsugana.it\/es\/polenta\/#primaryimage"},"thumbnailUrl":"https:\/\/www.polentavalsugana.it\/wp-content\/uploads\/2022\/07\/La_polenta-1024x431.jpeg","datePublished":"2022-04-22T08:25:52+00:00","dateModified":"2023-04-20T10:18:53+00:00","description":"La polenta \u00e8 un piatto importante della tradizione gastronomica italiana, scopri le sue caratteristiche nutrizionali e le calorie per 100gr di prodotto.","inLanguage":"es","potentialAction":[{"@type":"ReadAction","target":["https:\/\/www.polentavalsugana.it\/es\/polenta\/"]}]},{"@type":"ImageObject","inLanguage":"es","@id":"https:\/\/www.polentavalsugana.it\/es\/polenta\/#primaryimage","url":"https:\/\/www.polentavalsugana.it\/wp-content\/uploads\/2022\/07\/La_polenta-1024x431.jpeg","contentUrl":"https:\/\/www.polentavalsugana.it\/wp-content\/uploads\/2022\/07\/La_polenta-1024x431.jpeg"},{"@type":"WebSite","@id":"https:\/\/www.polentavalsugana.it\/es\/#website","url":"https:\/\/www.polentavalsugana.it\/es\/","name":"Polenta Valsugana","description":"","publisher":{"@id":"https:\/\/www.polentavalsugana.it\/es\/#organization"},"potentialAction":[{"@type":"SearchAction","target":{"@type":"EntryPoint","urlTemplate":"https:\/\/www.polentavalsugana.it\/es\/?s={search_term_string}"},"query-input":{"@type":"PropertyValueSpecification","valueRequired":true,"valueName":"search_term_string"}}],"inLanguage":"es"},{"@type":"Organization","@id":"https:\/\/www.polentavalsugana.it\/es\/#organization","name":"Polenta Valsugana","url":"https:\/\/www.polentavalsugana.it\/es\/","logo":{"@type":"ImageObject","inLanguage":"es","@id":"https:\/\/www.polentavalsugana.it\/es\/#\/schema\/logo\/image\/","url":"https:\/\/www.polentavalsugana.it\/wp-content\/uploads\/2022\/04\/Group-7.png","contentUrl":"https:\/\/www.polentavalsugana.it\/wp-content\/uploads\/2022\/04\/Group-7.png","width":104,"height":56,"caption":"Polenta Valsugana"},"image":{"@id":"https:\/\/www.polentavalsugana.it\/es\/#\/schema\/logo\/image\/"}}]}},"_links":{"self":[{"href":"https:\/\/www.polentavalsugana.it\/es\/wp-json\/wp\/v2\/pages\/11172","targetHints":{"allow":["GET"]}}],"collection":[{"href":"https:\/\/www.polentavalsugana.it\/es\/wp-json\/wp\/v2\/pages"}],"about":[{"href":"https:\/\/www.polentavalsugana.it\/es\/wp-json\/wp\/v2\/types\/page"}],"author":[{"embeddable":true,"href":"https:\/\/www.polentavalsugana.it\/es\/wp-json\/wp\/v2\/users\/7"}],"replies":[{"embeddable":true,"href":"https:\/\/www.polentavalsugana.it\/es\/wp-json\/wp\/v2\/comments?post=11172"}],"version-history":[{"count":14,"href":"https:\/\/www.polentavalsugana.it\/es\/wp-json\/wp\/v2\/pages\/11172\/revisions"}],"predecessor-version":[{"id":11434,"href":"https:\/\/www.polentavalsugana.it\/es\/wp-json\/wp\/v2\/pages\/11172\/revisions\/11434"}],"wp:attachment":[{"href":"https:\/\/www.polentavalsugana.it\/es\/wp-json\/wp\/v2\/media?parent=11172"}],"curies":[{"name":"wp","href":"https:\/\/api.w.org\/{rel}","templated":true}]}}