{"id":9009,"date":"2022-06-09T11:01:48","date_gmt":"2022-06-09T09:01:48","guid":{"rendered":"https:\/\/www.polentavalsugana.it\/prodotti\/polenta-pronta\/"},"modified":"2023-12-06T12:17:04","modified_gmt":"2023-12-06T11:17:04","slug":"polenta-pronta","status":"publish","type":"product","link":"https:\/\/www.polentavalsugana.it\/en\/products\/polenta-pronta\/","title":{"rendered":"Ready to serve Polenta"},"excerpt":{"rendered":"","protected":false},"featured_media":9275,"parent":0,"menu_order":0,"template":"page-templates\/page-product.php","product_category":[145],"class_list":["post-9009","product","type-product","status-publish","has-post-thumbnail","hentry","product_category-ready-to-serve-polenta"],"acf":[],"yoast_head":"<!-- This site is optimized with the Yoast SEO plugin v25.3.1 - https:\/\/yoast.com\/wordpress\/plugins\/seo\/ -->\n<title>Ready to serve Polenta - Polenta Valsugana<\/title>\n<meta name=\"description\" content=\"Tutta la bont\u00e0 di Polenta Valsugana \u00e8 disponibile anche in versione gi\u00e0 pronta per l\u2019uso, l\u2019alleata ideale per le preparazioni last minute.\" \/>\n<meta name=\"robots\" content=\"index, follow, max-snippet:-1, max-image-preview:large, max-video-preview:-1\" \/>\n<link rel=\"canonical\" href=\"https:\/\/www.polentavalsugana.it\/en\/products\/polenta-pronta\/\" \/>\n<meta property=\"og:locale\" content=\"en_US\" \/>\n<meta property=\"og:type\" content=\"article\" \/>\n<meta property=\"og:title\" content=\"Ready to serve Polenta - Polenta Valsugana\" \/>\n<meta property=\"og:description\" content=\"Tutta la bont\u00e0 di Polenta Valsugana \u00e8 disponibile anche in versione gi\u00e0 pronta per l\u2019uso, l\u2019alleata ideale per le preparazioni last minute.\" \/>\n<meta property=\"og:url\" content=\"https:\/\/www.polentavalsugana.it\/en\/products\/polenta-pronta\/\" \/>\n<meta property=\"og:site_name\" content=\"Polenta Valsugana\" \/>\n<meta property=\"article:modified_time\" content=\"2023-12-06T11:17:04+00:00\" \/>\n<meta property=\"og:image\" content=\"https:\/\/www.polentavalsugana.it\/wp-content\/uploads\/2022\/06\/3D-ReadyLT.png\" \/>\n\t<meta property=\"og:image:width\" content=\"2000\" \/>\n\t<meta property=\"og:image:height\" content=\"1500\" \/>\n\t<meta property=\"og:image:type\" content=\"image\/png\" \/>\n<meta name=\"twitter:card\" content=\"summary_large_image\" \/>\n<script type=\"application\/ld+json\" class=\"yoast-schema-graph\">{\"@context\":\"https:\/\/schema.org\",\"@graph\":[{\"@type\":\"WebPage\",\"@id\":\"https:\/\/www.polentavalsugana.it\/en\/products\/polenta-pronta\/\",\"url\":\"https:\/\/www.polentavalsugana.it\/en\/products\/polenta-pronta\/\",\"name\":\"Ready to serve Polenta - Polenta Valsugana\",\"isPartOf\":{\"@id\":\"https:\/\/www.polentavalsugana.it\/en\/#website\"},\"primaryImageOfPage\":{\"@id\":\"https:\/\/www.polentavalsugana.it\/en\/products\/polenta-pronta\/#primaryimage\"},\"image\":{\"@id\":\"https:\/\/www.polentavalsugana.it\/en\/products\/polenta-pronta\/#primaryimage\"},\"thumbnailUrl\":\"https:\/\/www.polentavalsugana.it\/wp-content\/uploads\/2022\/06\/3D-ReadyLT.png\",\"datePublished\":\"2022-06-09T09:01:48+00:00\",\"dateModified\":\"2023-12-06T11:17:04+00:00\",\"description\":\"Tutta la bont\u00e0 di Polenta Valsugana \u00e8 disponibile anche in versione gi\u00e0 pronta per l\u2019uso, l\u2019alleata ideale per le preparazioni last minute.\",\"inLanguage\":\"en-US\",\"potentialAction\":[{\"@type\":\"ReadAction\",\"target\":[\"https:\/\/www.polentavalsugana.it\/en\/products\/polenta-pronta\/\"]}]},{\"@type\":\"ImageObject\",\"inLanguage\":\"en-US\",\"@id\":\"https:\/\/www.polentavalsugana.it\/en\/products\/polenta-pronta\/#primaryimage\",\"url\":\"https:\/\/www.polentavalsugana.it\/wp-content\/uploads\/2022\/06\/3D-ReadyLT.png\",\"contentUrl\":\"https:\/\/www.polentavalsugana.it\/wp-content\/uploads\/2022\/06\/3D-ReadyLT.png\",\"width\":2000,\"height\":1500},{\"@type\":\"WebSite\",\"@id\":\"https:\/\/www.polentavalsugana.it\/en\/#website\",\"url\":\"https:\/\/www.polentavalsugana.it\/en\/\",\"name\":\"Polenta Valsugana\",\"description\":\"\",\"publisher\":{\"@id\":\"https:\/\/www.polentavalsugana.it\/en\/#organization\"},\"potentialAction\":[{\"@type\":\"SearchAction\",\"target\":{\"@type\":\"EntryPoint\",\"urlTemplate\":\"https:\/\/www.polentavalsugana.it\/en\/?s={search_term_string}\"},\"query-input\":{\"@type\":\"PropertyValueSpecification\",\"valueRequired\":true,\"valueName\":\"search_term_string\"}}],\"inLanguage\":\"en-US\"},{\"@type\":\"Organization\",\"@id\":\"https:\/\/www.polentavalsugana.it\/en\/#organization\",\"name\":\"Polenta Valsugana\",\"url\":\"https:\/\/www.polentavalsugana.it\/en\/\",\"logo\":{\"@type\":\"ImageObject\",\"inLanguage\":\"en-US\",\"@id\":\"https:\/\/www.polentavalsugana.it\/en\/#\/schema\/logo\/image\/\",\"url\":\"https:\/\/www.polentavalsugana.it\/wp-content\/uploads\/2022\/04\/Group-7.png\",\"contentUrl\":\"https:\/\/www.polentavalsugana.it\/wp-content\/uploads\/2022\/04\/Group-7.png\",\"width\":104,\"height\":56,\"caption\":\"Polenta Valsugana\"},\"image\":{\"@id\":\"https:\/\/www.polentavalsugana.it\/en\/#\/schema\/logo\/image\/\"}}]}<\/script>\n<!-- \/ Yoast SEO plugin. -->","yoast_head_json":{"title":"Ready to serve Polenta - Polenta Valsugana","description":"Tutta la bont\u00e0 di Polenta Valsugana \u00e8 disponibile anche in versione gi\u00e0 pronta per l\u2019uso, l\u2019alleata ideale per le preparazioni last minute.","robots":{"index":"index","follow":"follow","max-snippet":"max-snippet:-1","max-image-preview":"max-image-preview:large","max-video-preview":"max-video-preview:-1"},"canonical":"https:\/\/www.polentavalsugana.it\/en\/products\/polenta-pronta\/","og_locale":"en_US","og_type":"article","og_title":"Ready to serve Polenta - Polenta Valsugana","og_description":"Tutta la bont\u00e0 di Polenta Valsugana \u00e8 disponibile anche in versione gi\u00e0 pronta per l\u2019uso, l\u2019alleata ideale per le preparazioni last minute.","og_url":"https:\/\/www.polentavalsugana.it\/en\/products\/polenta-pronta\/","og_site_name":"Polenta Valsugana","article_modified_time":"2023-12-06T11:17:04+00:00","og_image":[{"width":2000,"height":1500,"url":"https:\/\/www.polentavalsugana.it\/wp-content\/uploads\/2022\/06\/3D-ReadyLT.png","type":"image\/png"}],"twitter_card":"summary_large_image","schema":{"@context":"https:\/\/schema.org","@graph":[{"@type":"WebPage","@id":"https:\/\/www.polentavalsugana.it\/en\/products\/polenta-pronta\/","url":"https:\/\/www.polentavalsugana.it\/en\/products\/polenta-pronta\/","name":"Ready to serve Polenta - Polenta Valsugana","isPartOf":{"@id":"https:\/\/www.polentavalsugana.it\/en\/#website"},"primaryImageOfPage":{"@id":"https:\/\/www.polentavalsugana.it\/en\/products\/polenta-pronta\/#primaryimage"},"image":{"@id":"https:\/\/www.polentavalsugana.it\/en\/products\/polenta-pronta\/#primaryimage"},"thumbnailUrl":"https:\/\/www.polentavalsugana.it\/wp-content\/uploads\/2022\/06\/3D-ReadyLT.png","datePublished":"2022-06-09T09:01:48+00:00","dateModified":"2023-12-06T11:17:04+00:00","description":"Tutta la bont\u00e0 di Polenta Valsugana \u00e8 disponibile anche in versione gi\u00e0 pronta per l\u2019uso, l\u2019alleata ideale per le preparazioni last minute.","inLanguage":"en-US","potentialAction":[{"@type":"ReadAction","target":["https:\/\/www.polentavalsugana.it\/en\/products\/polenta-pronta\/"]}]},{"@type":"ImageObject","inLanguage":"en-US","@id":"https:\/\/www.polentavalsugana.it\/en\/products\/polenta-pronta\/#primaryimage","url":"https:\/\/www.polentavalsugana.it\/wp-content\/uploads\/2022\/06\/3D-ReadyLT.png","contentUrl":"https:\/\/www.polentavalsugana.it\/wp-content\/uploads\/2022\/06\/3D-ReadyLT.png","width":2000,"height":1500},{"@type":"WebSite","@id":"https:\/\/www.polentavalsugana.it\/en\/#website","url":"https:\/\/www.polentavalsugana.it\/en\/","name":"Polenta Valsugana","description":"","publisher":{"@id":"https:\/\/www.polentavalsugana.it\/en\/#organization"},"potentialAction":[{"@type":"SearchAction","target":{"@type":"EntryPoint","urlTemplate":"https:\/\/www.polentavalsugana.it\/en\/?s={search_term_string}"},"query-input":{"@type":"PropertyValueSpecification","valueRequired":true,"valueName":"search_term_string"}}],"inLanguage":"en-US"},{"@type":"Organization","@id":"https:\/\/www.polentavalsugana.it\/en\/#organization","name":"Polenta Valsugana","url":"https:\/\/www.polentavalsugana.it\/en\/","logo":{"@type":"ImageObject","inLanguage":"en-US","@id":"https:\/\/www.polentavalsugana.it\/en\/#\/schema\/logo\/image\/","url":"https:\/\/www.polentavalsugana.it\/wp-content\/uploads\/2022\/04\/Group-7.png","contentUrl":"https:\/\/www.polentavalsugana.it\/wp-content\/uploads\/2022\/04\/Group-7.png","width":104,"height":56,"caption":"Polenta Valsugana"},"image":{"@id":"https:\/\/www.polentavalsugana.it\/en\/#\/schema\/logo\/image\/"}}]}},"_links":{"self":[{"href":"https:\/\/www.polentavalsugana.it\/en\/wp-json\/wp\/v2\/product\/9009","targetHints":{"allow":["GET"]}}],"collection":[{"href":"https:\/\/www.polentavalsugana.it\/en\/wp-json\/wp\/v2\/product"}],"about":[{"href":"https:\/\/www.polentavalsugana.it\/en\/wp-json\/wp\/v2\/types\/product"}],"version-history":[{"count":11,"href":"https:\/\/www.polentavalsugana.it\/en\/wp-json\/wp\/v2\/product\/9009\/revisions"}],"predecessor-version":[{"id":11609,"href":"https:\/\/www.polentavalsugana.it\/en\/wp-json\/wp\/v2\/product\/9009\/revisions\/11609"}],"wp:featuredmedia":[{"embeddable":true,"href":"https:\/\/www.polentavalsugana.it\/en\/wp-json\/wp\/v2\/media\/9275"}],"wp:attachment":[{"href":"https:\/\/www.polentavalsugana.it\/en\/wp-json\/wp\/v2\/media?parent=9009"}],"wp:term":[{"taxonomy":"product_category","embeddable":true,"href":"https:\/\/www.polentavalsugana.it\/en\/wp-json\/wp\/v2\/product_category?post=9009"}],"curies":[{"name":"wp","href":"https:\/\/api.w.org\/{rel}","templated":true}]}}